{"id":1839,"date":"2025-08-28T13:33:09","date_gmt":"2025-08-28T10:33:09","guid":{"rendered":"https:\/\/apollonex.ee\/?page_id=1839"},"modified":"2025-08-28T13:34:01","modified_gmt":"2025-08-28T10:34:01","slug":"lasteaiakodu-korterelamud-tabasalus","status":"publish","type":"page","link":"https:\/\/apollonex.ee\/ru\/referentsid\/lasteaiakodu-korterelamud-tabasalus\/","title":{"rendered":"Lasteaiakodu \u2014 \u043c\u043d\u043e\u0433\u043e\u043a\u0432\u0430\u0440\u0442\u0438\u0440\u043d\u044b\u0435 \u0434\u043e\u043c\u0430 \u0432 \u0422\u0430\u0431\u0430\u0441\u0430\u043b\u0443"},"content":{"rendered":"<div data-elementor-type=\"wp-page\" data-elementor-id=\"1839\" class=\"elementor elementor-1839\">\n\t\t\t\t<div class=\"elementor-element elementor-element-abf215d e-flex e-con-boxed wpr-particle-no wpr-jarallax-no wpr-parallax-no wpr-sticky-section-no wpr-equal-height-no e-con e-parent\" data-id=\"abf215d\" data-element_type=\"container\" data-e-type=\"container\" data-settings=\"{&quot;background_background&quot;:&quot;classic&quot;}\">\n\t\t\t\t\t<div class=\"e-con-inner\">\n\t\t\t\t<div class=\"elementor-element elementor-element-4474ad1 elementor-widget elementor-widget-heading\" data-id=\"4474ad1\" data-element_type=\"widget\" data-e-type=\"widget\" data-widget_type=\"heading.default\">\n\t\t\t\t<div class=\"elementor-widget-container\">\n\t\t\t\t\t<h2 class=\"elementor-heading-title elementor-size-default\">Lasteaiakodu \u2014 \u043c\u043d\u043e\u0433\u043e\u043a\u0432\u0430\u0440\u0442\u0438\u0440\u043d\u044b\u0435 \u0434\u043e\u043c\u0430 \u0432 \u0422\u0430\u0431\u0430\u0441\u0430\u043b\u0443<\/h2>\t\t\t\t<\/div>\n\t\t\t\t<\/div>\n\t\t\t\t<div class=\"elementor-element elementor-element-2eb32b8 elementor-widget elementor-widget-heading\" data-id=\"2eb32b8\" data-element_type=\"widget\" data-e-type=\"widget\" data-widget_type=\"heading.default\">\n\t\t\t\t<div class=\"elementor-widget-container\">\n\t\t\t\t\t<h2 class=\"elementor-heading-title elementor-size-default\">\u0413\u043b\u0430\u0432\u043d\u0430\u044f &gt; \u0420\u0435\u0444\u0435\u0440\u0435\u043d\u0446\u0438\u0438<\/h2>\t\t\t\t<\/div>\n\t\t\t\t<\/div>\n\t\t\t\t\t<\/div>\n\t\t\t\t<\/div>\n\t\t<div class=\"elementor-element elementor-element-6853537 e-flex e-con-boxed wpr-particle-no wpr-jarallax-no wpr-parallax-no wpr-sticky-section-no wpr-equal-height-no elementor-invisible e-con e-parent\" data-id=\"6853537\" data-element_type=\"container\" data-e-type=\"container\" data-settings=\"{&quot;animation&quot;:&quot;zoomIn&quot;}\">\n\t\t\t\t\t<div class=\"e-con-inner\">\n\t\t<div class=\"elementor-element elementor-element-e4e0986 e-con-full e-flex wpr-particle-no wpr-jarallax-no wpr-parallax-no wpr-sticky-section-no wpr-equal-height-no e-con e-child\" data-id=\"e4e0986\" data-element_type=\"container\" data-e-type=\"container\" data-settings=\"{&quot;background_background&quot;:&quot;classic&quot;}\">\n\t\t<div class=\"elementor-element elementor-element-a6a8273 e-flex e-con-boxed wpr-particle-no wpr-jarallax-no wpr-parallax-no wpr-sticky-section-no wpr-equal-height-no e-con e-child\" data-id=\"a6a8273\" data-element_type=\"container\" data-e-type=\"container\">\n\t\t\t\t\t<div class=\"e-con-inner\">\n\t\t\t\t<div class=\"elementor-element elementor-element-060e407 elementor-widget elementor-widget-text-editor\" data-id=\"060e407\" data-element_type=\"widget\" data-e-type=\"widget\" data-widget_type=\"text-editor.default\">\n\t\t\t\t<div class=\"elementor-widget-container\">\n\t\t\t\t\t\t\t\t\t<p data-start=\"176\" data-end=\"318\"><strong data-start=\"176\" data-end=\"186\">\u0413\u043e\u0434 \u043f\u0440\u043e\u0435\u043a\u0442\u0430:<\/strong> 2024 (meie t\u00f6\u00f6d)\u2003\u2022\u2003<strong data-start=\"206\" data-end=\"218\">\u0417\u0430\u043a\u0430\u0437\u0447\u0438\u043a:<\/strong> <strong data-start=\"219\" data-end=\"242\">O\u00dc Vanalinna Ehitus<\/strong>\u2003\u2022\u2003<strong data-start=\"245\" data-end=\"257\">\u0420\u0430\u0441\u043f\u043e\u043b\u043e\u0436\u0435\u043d\u0438\u0435:<\/strong> Tabasalu, Harku vald, <strong data-start=\"307\" data-end=\"324\">Lasteaia tn 6<\/strong> \u0438 <strong data-start=\"328\" data-end=\"345\">Lasteaia tn 8<\/strong><\/p><p data-start=\"320\" data-end=\"775\">\u041a\u043e\u043c\u043f\u043b\u0435\u043a\u0441 \u0441\u043e\u0441\u0442\u043e\u0438\u0442 \u0438\u0437 \u0434\u0432\u0443\u0445 \u043c\u043d\u043e\u0433\u043e\u043a\u0432\u0430\u0440\u0442\u0438\u0440\u043d\u044b\u0445 \u0434\u043e\u043c\u043e\u0432 \u0432 \u0446\u0435\u043d\u0442\u0440\u0435 \u0422\u0430\u0431\u0430\u0441\u0430\u043b\u0443: \u043f\u0435\u0440\u0432\u044b\u0439 (Lasteaia 6) \u0431\u044b\u043b \u0437\u0430\u0432\u0435\u0440\u0448\u0451\u043d \u0432 \u043a\u043e\u043d\u0446\u0435 2024 \u0433\u043e\u0434\u0430; \u0441\u0442\u0440\u043e\u0438\u0442\u0435\u043b\u044c\u0441\u0442\u0432\u043e \u0432\u0442\u043e\u0440\u043e\u0433\u043e \u0434\u043e\u043c\u0430 (Lasteaia 8) \u043f\u0440\u043e\u0434\u043e\u043b\u0436\u0430\u0435\u0442\u0441\u044f, \u0441\u0434\u0430\u0447\u0430 \u0437\u0430\u043f\u043b\u0430\u043d\u0438\u0440\u043e\u0432\u0430\u043d\u0430 \u043d\u0430 \u0432\u0435\u0441\u043d\u0443 2026 \u0433\u043e\u0434\u0430. Lasteaia 8 \u2014 \u0437\u0434\u0430\u043d\u0438\u0435 \u043a\u043b\u0430\u0441\u0441\u0430 \u044d\u043d\u0435\u0440\u0433\u043e\u044d\u0444\u0444\u0435\u043a\u0442\u0438\u0432\u043d\u043e\u0441\u0442\u0438 A.<br data-start=\"720\" data-end=\"723\" \/>\u041d\u0430 \u043e\u0431\u044a\u0435\u043a\u0442\u0435 \u0441\u0434\u0435\u043b\u0430\u043d \u0430\u043a\u0446\u0435\u043d\u0442 \u043d\u0430 \u0441\u043e\u0432\u0440\u0435\u043c\u0435\u043d\u043d\u044b\u0445 \u0440\u0435\u0448\u0435\u043d\u0438\u044f\u0445 \u00ab\u0443\u043c\u043d\u043e\u0433\u043e \u0434\u043e\u043c\u0430\u00bb (\u0443\u043f\u0440\u0430\u0432\u043b\u0435\u043d\u0438\u0435 \u043e\u0442\u043e\u043f\u043b\u0435\u043d\u0438\u0435\u043c\/\u043e\u0445\u043b\u0430\u0436\u0434\u0435\u043d\u0438\u0435\u043c\/\u0432\u0435\u043d\u0442\u0438\u043b\u044f\u0446\u0438\u0435\u0439, \u0432\u0438\u0434\u0435\u043e\u0437\u0432\u0443\u043a \u0434\u043e\u043c\u043e\u0444\u043e\u043d\u0430, \u0443\u043f\u0440\u0430\u0432\u043b\u0435\u043d\u0438\u0435 \u0432\u0445\u043e\u0434\u0430\u043c\u0438, \u0448\u043b\u0430\u0433\u0431\u0430\u0443\u043c \u0441 \u0440\u0430\u0441\u043f\u043e\u0437\u043d\u0430\u0432\u0430\u043d\u0438\u0435\u043c \u043d\u043e\u043c\u0435\u0440\u043d\u044b\u0445 \u0437\u043d\u0430\u043a\u043e\u0432, \u0430\u0432\u0442\u043e\u043c\u0430\u0442\u0438\u0447\u0435\u0441\u043a\u0438\u0439 \u0434\u0438\u0441\u0442\u0430\u043d\u0446\u0438\u043e\u043d\u043d\u044b\u0439 \u0441\u044a\u0451\u043c \u043f\u043e\u043a\u0430\u0437\u0430\u043d\u0438\u0439 \u0441\u0447\u0451\u0442\u0447\u0438\u043a\u043e\u0432 \u0438 \u0434\u0440.).<br data-start=\"974\" data-end=\"977\" \/>Vanalinna Ehitus \u0443\u0447\u0430\u0441\u0442\u0432\u0443\u0435\u0442 \u0432 \u043f\u0440\u043e\u0435\u043a\u0442\u0435 \u043a\u0430\u043a \u0433\u0435\u043d\u0435\u0440\u0430\u043b\u044c\u043d\u044b\u0439 \u043f\u043e\u0434\u0440\u044f\u0434\u0447\u0438\u043a\/\u043f\u0430\u0440\u0442\u043d\u0451\u0440.<\/p>\t\t\t\t\t\t\t\t<\/div>\n\t\t\t\t<\/div>\n\t\t\t\t<div class=\"elementor-element elementor-element-37f2cd5 elementor-widget-divider--view-line elementor-widget elementor-widget-divider\" data-id=\"37f2cd5\" data-element_type=\"widget\" data-e-type=\"widget\" data-widget_type=\"divider.default\">\n\t\t\t\t<div class=\"elementor-widget-container\">\n\t\t\t\t\t\t\t<div class=\"elementor-divider\">\n\t\t\t<span class=\"elementor-divider-separator\">\n\t\t\t\t\t\t<\/span>\n\t\t<\/div>\n\t\t\t\t\t\t<\/div>\n\t\t\t\t<\/div>\n\t\t\t\t<div class=\"elementor-element elementor-element-2455c22 elementor-icon-list--layout-traditional elementor-list-item-link-full_width elementor-widget elementor-widget-icon-list\" data-id=\"2455c22\" data-element_type=\"widget\" data-e-type=\"widget\" data-widget_type=\"icon-list.default\">\n\t\t\t\t<div class=\"elementor-widget-container\">\n\t\t\t\t\t\t\t<ul class=\"elementor-icon-list-items\">\n\t\t\t\t\t\t\t<li class=\"elementor-icon-list-item\">\n\t\t\t\t\t\t\t\t\t\t\t<span class=\"elementor-icon-list-icon\">\n\t\t\t\t\t\t\t<svg aria-hidden=\"true\" class=\"e-font-icon-svg e-fas-check-circle\" viewbox=\"0 0 512 512\" xmlns=\"http:\/\/www.w3.org\/2000\/svg\"><path d=\"M504 256c0 136.967-111.033 248-248 248S8 392.967 8 256 119.033 8 256 8s248 111.033 248 248zM227.314 387.314l184-184c6.248-6.248 6.248-16.379 0-22.627l-22.627-22.627c-6.248-6.249-16.379-6.249-22.628 0L216 308.118l-70.059-70.059c-6.248-6.248-16.379-6.248-22.628 0l-22.627 22.627c-6.248 6.248-6.248 16.379 0 22.627l104 104c6.249 6.249 16.379 6.249 22.628.001z\"><\/path><\/svg>\t\t\t\t\t\t<\/span>\n\t\t\t\t\t\t\t\t\t\t<span class=\"elementor-icon-list-text\">\u0413\u0438\u043f\u0441\u043e\u043a\u0430\u0440\u0442\u043e\u043d\u043d\u044b\u0435 \u0440\u0430\u0431\u043e\u0442\u044b: \u043f\u0435\u0440\u0435\u0433\u043e\u0440\u043e\u0434\u043a\u0438 \u0438 \u043f\u043e\u0434\u0432\u0435\u0441\u043d\u044b\u0435 \u043f\u043e\u0442\u043e\u043b\u043a\u0438 \u0432 \u0441\u043e\u043e\u0442\u0432\u0435\u0442\u0441\u0442\u0432\u0438\u0438 \u0441 \u0442\u0440\u0435\u0431\u043e\u0432\u0430\u043d\u0438\u044f\u043c\u0438 \u043f\u043e \u043e\u0433\u043d\u0435- \u0438 \u0432\u043b\u0430\u0433\u043e\u0441\u0442\u043e\u0439\u043a\u043e\u0441\u0442\u0438; \u0430\u0440\u043c\u0438\u0440\u043e\u0432\u0430\u043d\u0438\u0435 \u043b\u0435\u043d\u0442\u043e\u0439\/\u0448\u043f\u0430\u0442\u043b\u0435\u0432\u043a\u0430 \u0434\u043e \u0443\u0440\u043e\u0432\u043d\u044f Q3\u2013Q4, \u043e\u0442\u0432\u0435\u0440\u0441\u0442\u0438\u044f \u043f\u043e\u0434 \u0441\u0432\u0435\u0442\u0438\u043b\u044c\u043d\u0438\u043a\u0438, \u0432\u0435\u043d\u0442\u0438\u043b\u044f\u0446\u0438\u044e \u0438 \u0440\u0435\u0432\u0438\u0437\u0438\u043e\u043d\u043d\u044b\u0435 \u043b\u044e\u043a\u0438.<\/span>\n\t\t\t\t\t\t\t\t\t<\/li>\n\t\t\t\t\t\t\t\t<li class=\"elementor-icon-list-item\">\n\t\t\t\t\t\t\t\t\t\t\t<span class=\"elementor-icon-list-icon\">\n\t\t\t\t\t\t\t<svg aria-hidden=\"true\" class=\"e-font-icon-svg e-fas-check-circle\" viewbox=\"0 0 512 512\" xmlns=\"http:\/\/www.w3.org\/2000\/svg\"><path d=\"M504 256c0 136.967-111.033 248-248 248S8 392.967 8 256 119.033 8 256 8s248 111.033 248 248zM227.314 387.314l184-184c6.248-6.248 6.248-16.379 0-22.627l-22.627-22.627c-6.248-6.249-16.379-6.249-22.628 0L216 308.118l-70.059-70.059c-6.248-6.248-16.379-6.248-22.628 0l-22.627 22.627c-6.248 6.248-6.248 16.379 0 22.627l104 104c6.249 6.249 16.379 6.249 22.628.001z\"><\/path><\/svg>\t\t\t\t\t\t<\/span>\n\t\t\t\t\t\t\t\t\t\t<span class=\"elementor-icon-list-text\">\u041c\u043e\u0434\u0443\u043b\u044c\u043d\u044b\u0435 \u043f\u043e\u0434\u0432\u0435\u0441\u043d\u044b\u0435 \u043f\u043e\u0442\u043e\u043b\u043a\u0438: \u0441\u0435\u0442\u043a\u0438 \u043d\u0435\u0441\u0443\u0449\u0438\u0445 \u043f\u0440\u043e\u0444\u0438\u043b\u0435\u0439 (600\u00d7600 \/ 600\u00d71200), \u043f\u043b\u0438\u0442\u044b \u0432 \u0440\u043e\u0432\u043d\u044b\u0445 \u043b\u0438\u043d\u0438\u044f\u0445; \u0438\u043d\u0442\u0435\u0433\u0440\u0430\u0446\u0438\u044f LED-\u043f\u0430\u043d\u0435\u043b\u0435\u0439 \u0438 \u0432\u0435\u043d\u0442\u0438\u043b\u044f\u0446\u0438\u043e\u043d\u043d\u044b\u0445 \u043e\u0442\u0432\u0435\u0440\u0441\u0442\u0438\u0439; \u043e\u0431\u0441\u043b\u0443\u0436\u0438\u0432\u0430\u0435\u043c\u043e\u0441\u0442\u044c (\u0434\u043e\u0441\u0442\u0443\u043f \u043a \u043a\u043e\u043c\u043c\u0443\u043d\u0438\u043a\u0430\u0446\u0438\u044f\u043c).<\/span>\n\t\t\t\t\t\t\t\t\t<\/li>\n\t\t\t\t\t\t\t\t<li class=\"elementor-icon-list-item\">\n\t\t\t\t\t\t\t\t\t\t\t<span class=\"elementor-icon-list-icon\">\n\t\t\t\t\t\t\t<svg aria-hidden=\"true\" class=\"e-font-icon-svg e-fas-check-circle\" viewbox=\"0 0 512 512\" xmlns=\"http:\/\/www.w3.org\/2000\/svg\"><path d=\"M504 256c0 136.967-111.033 248-248 248S8 392.967 8 256 119.033 8 256 8s248 111.033 248 248zM227.314 387.314l184-184c6.248-6.248 6.248-16.379 0-22.627l-22.627-22.627c-6.248-6.249-16.379-6.249-22.628 0L216 308.118l-70.059-70.059c-6.248-6.248-16.379-6.248-22.628 0l-22.627 22.627c-6.248 6.248-6.248 16.379 0 22.627l104 104c6.249 6.249 16.379 6.249 22.628.001z\"><\/path><\/svg>\t\t\t\t\t\t<\/span>\n\t\t\t\t\t\t\t\t\t\t<span class=\"elementor-icon-list-text\">\u041f\u043b\u0438\u0442\u043e\u0447\u043d\u044b\u0435 \u0440\u0430\u0431\u043e\u0442\u044b: \u043f\u043e\u0434\u0433\u043e\u0442\u043e\u0432\u043a\u0430 \u043e\u0441\u043d\u043e\u0432\u0430\u043d\u0438\u044f \u0438 \u0443\u0441\u0442\u0440\u043e\u0439\u0441\u0442\u0432\u043e \u0443\u043a\u043b\u043e\u043d\u043e\u0432, \u0433\u0438\u0434\u0440\u043e\u0438\u0437\u043e\u043b\u044f\u0446\u0438\u044f \u043f\u043e ETAG 022, \u043a\u0440\u0443\u043f\u043d\u043e\u0444\u043e\u0440\u043c\u0430\u0442\/\u043c\u043e\u0437\u0430\u0438\u043a\u0430, \u0437\u0430\u0442\u0438\u0440\u043a\u0430 \u0438 \u0441\u0438\u043b\u0438\u043a\u043e\u043d.<\/span>\n\t\t\t\t\t\t\t\t\t<\/li>\n\t\t\t\t\t\t<\/ul>\n\t\t\t\t\t\t<\/div>\n\t\t\t\t<\/div>\n\t\t\t\t<div class=\"elementor-element elementor-element-12d5cc0 elementor-widget elementor-widget-text-editor\" data-id=\"12d5cc0\" data-element_type=\"widget\" data-e-type=\"widget\" data-widget_type=\"text-editor.default\">\n\t\t\t\t<div class=\"elementor-widget-container\">\n\t\t\t\t\t\t\t\t\t<p data-start=\"176\" data-end=\"318\"><strong data-start=\"1656\" data-end=\"1668\">\u0420\u0435\u0437\u0443\u043b\u044c\u0442\u0430\u0442:<\/strong> \u0440\u043e\u0432\u043d\u044b\u0435 \u0438 \u0435\u0434\u0438\u043d\u043e\u043e\u0431\u0440\u0430\u0437\u043d\u044b\u0435 \u043b\u0438\u043d\u0438\u0438, \u0432\u043e\u0434\u043e\u043d\u0435\u043f\u0440\u043e\u043d\u0438\u0446\u0430\u0435\u043c\u044b\u0435 \u0432\u043b\u0430\u0436\u043d\u044b\u0435 \u043f\u043e\u043c\u0435\u0449\u0435\u043d\u0438\u044f, \u043f\u044b\u043b\u0435\u0437\u0430\u0449\u0438\u0442\u0430 \u0438 \u0447\u0438\u0441\u0442\u0430\u044f \u0441\u0434\u0430\u0447\u0430, \u0434\u043e\u043a\u0443\u043c\u0435\u043d\u0442\u0438\u0440\u043e\u0432\u0430\u043d\u0438\u0435 \u044d\u0442\u0430\u043f\u043e\u0432 \u0440\u0430\u0431\u043e\u0442 \u0438 \u0433\u0430\u0440\u0430\u043d\u0442\u0438\u044f.<\/p>\t\t\t\t\t\t\t\t<\/div>\n\t\t\t\t<\/div>\n\t\t\t\t<div class=\"elementor-element elementor-element-4ae82af wpr-button-icon-style-inline wpr-button-icon-position-right elementor-widget elementor-widget-wpr-button\" data-id=\"4ae82af\" data-element_type=\"widget\" data-e-type=\"widget\" data-widget_type=\"wpr-button.default\">\n\t\t\t\t<div class=\"elementor-widget-container\">\n\t\t\t\t\t\t\n\t\t\t\n\t\t\n\t\t<div class=\"wpr-button-wrap elementor-clearfix\">\n\t\t<a class=\"wpr-button wpr-button-effect wpr-button-none\" data-text=\"\" href=\"\/ru\/kontakt\/\">\n\t\t\t\n\t\t\t<span class=\"wpr-button-content\">\n\t\t\t\t\t\t\t\t\t<span class=\"wpr-button-text\">K\u00fcsi pakkumist<\/span>\n\t\t\t\t\t\t\t\t\n\t\t\t\t\t\t\t\t\t<span class=\"wpr-button-icon\"><svg class=\"e-font-icon-svg e-fas-chevron-right\" viewbox=\"0 0 320 512\" xmlns=\"http:\/\/www.w3.org\/2000\/svg\"><path d=\"M285.476 272.971L91.132 467.314c-9.373 9.373-24.569 9.373-33.941 0l-22.667-22.667c-9.357-9.357-9.375-24.522-.04-33.901L188.505 256 34.484 101.255c-9.335-9.379-9.317-24.544.04-33.901l22.667-22.667c9.373-9.373 24.569-9.373 33.941 0L285.475 239.03c9.373 9.372 9.373 24.568.001 33.941z\"><\/path><\/svg><\/span>\n\t\t\t\t\t\t\t<\/span>\n\t\t<\/a>\n\n\t\t\t\t<\/div>\n\t\n\t\n\t\t\t\t\t<\/div>\n\t\t\t\t<\/div>\n\t\t\t\t\t<\/div>\n\t\t\t\t<\/div>\n\t\t<div class=\"elementor-element elementor-element-ddcf870 e-con-full e-flex wpr-particle-no wpr-jarallax-no wpr-parallax-no wpr-sticky-section-no wpr-equal-height-no e-con e-child\" data-id=\"ddcf870\" data-element_type=\"container\" data-e-type=\"container\">\n\t\t\t\t<div class=\"elementor-element elementor-element-0eed313 elementor-widget elementor-widget-image\" data-id=\"0eed313\" data-element_type=\"widget\" data-e-type=\"widget\" data-widget_type=\"image.default\">\n\t\t\t\t<div class=\"elementor-widget-container\">\n\t\t\t\t\t\t\t\t\t\t\t\t\t\t\t<img fetchpriority=\"high\" decoding=\"async\" width=\"1766\" height=\"755\" src=\"https:\/\/apollonex.ee\/wp-content\/uploads\/2025\/08\/Screenshot-2025-08-26-154658.png\" class=\"attachment-full size-full wp-image-1679\" alt=\"\" srcset=\"https:\/\/apollonex.ee\/wp-content\/uploads\/2025\/08\/Screenshot-2025-08-26-154658.png 1766w, https:\/\/apollonex.ee\/wp-content\/uploads\/2025\/08\/Screenshot-2025-08-26-154658-300x128.png 300w, https:\/\/apollonex.ee\/wp-content\/uploads\/2025\/08\/Screenshot-2025-08-26-154658-1024x438.png 1024w, https:\/\/apollonex.ee\/wp-content\/uploads\/2025\/08\/Screenshot-2025-08-26-154658-768x328.png 768w, https:\/\/apollonex.ee\/wp-content\/uploads\/2025\/08\/Screenshot-2025-08-26-154658-1536x657.png 1536w\" sizes=\"(max-width: 1766px) 100vw, 1766px\" \/>\t\t\t\t\t\t\t\t\t\t\t\t\t\t\t<\/div>\n\t\t\t\t<\/div>\n\t\t\t\t<\/div>\n\t\t\t\t<\/div>\n\t\t\t\t\t<\/div>\n\t\t\t\t<\/div>\n\t\t\t\t<\/div>","protected":false},"excerpt":{"rendered":"<p>Lasteaiakodu \u2014 korterelamud Tabasalus Avaleht &gt; Referentsid Aasta: 2024 (meie t\u00f6\u00f6d)\u2003\u2022\u2003Tellija: O\u00dc Vanalinna Ehitus\u2003\u2022\u2003Asukoht: Tabasalu, Harku vald, Lasteaia tn 6 ja Lasteaia tn 8 Arendus koosneb kahest kortermajast Tabasalu s\u00fcdames: esimene (Lasteaia 6) valmis 2024. aasta l\u00f5pus; teise maja (Lasteaia 8) ehitus j\u00e4tkub ja valmimine on planeeritud 2026. aasta kevadesse. Lasteaia 8 on A-energiaklassi hoone.Objektil on r\u00f5hk kaasaegsetel nutikodu lahendustel (k\u00fctte\/jahutuse\/ventilatsiooni juhtimine, fonos\u00fcsteemi pilt ja heli, sissep\u00e4\u00e4sude haldus, autonumbri tuvastusega t\u00f5kkepuu, arvestite automaatne kauglugemine jpm).Vanalinna Ehitus osaleb arenduses peat\u00f6\u00f6v\u00f5tjana\/partnerina. Kipsplaatt\u00f6\u00f6d: vaheseinad ja ripplaed vastavalt tule- ja niiskusn\u00f5uetele; teipimine-pahteldus kuni Q3\u2013Q4 tasemeni, avad valgustitele, ventilatsioonile ja inspekteerimisluugid. Moodulripplaed: kandurite v\u00f5rgud (600\u00d7600 \/ 600\u00d71200), plaadid sirgetel liinidel; LED-paneelide ja ventilatsiooniavade integreerimine; hooldatavus (ligip\u00e4\u00e4s kommunikatsioonidele). Plaatimist\u00f6\u00f6d: aluspinna ettevalmistus ja kallete teostus, ETAG 022 h\u00fcdroisolatsioon, suurformaat\/mosaiik, vuugid ja silikoon. Tulemus: sirged ja \u00fchtlased jooned, veetihedad m\u00e4rgruumid, tolmukaitse ja puhas \u00fcleandmine, t\u00f6\u00f6de dokumenteerimine ning garantii. K\u00fcsi pakkumist<\/p>","protected":false},"author":1,"featured_media":1679,"parent":1209,"menu_order":0,"comment_status":"closed","ping_status":"closed","template":"elementor_canvas","meta":{"footnotes":""},"aasta":[35],"objekti_tuup":[44],"class_list":["post-1839","page","type-page","status-publish","has-post-thumbnail","hentry","aasta-2024a","objekti_tuup-korterelamu"],"_links":{"self":[{"href":"https:\/\/apollonex.ee\/ru\/wp-json\/wp\/v2\/pages\/1839","targetHints":{"allow":["GET"]}}],"collection":[{"href":"https:\/\/apollonex.ee\/ru\/wp-json\/wp\/v2\/pages"}],"about":[{"href":"https:\/\/apollonex.ee\/ru\/wp-json\/wp\/v2\/types\/page"}],"author":[{"embeddable":true,"href":"https:\/\/apollonex.ee\/ru\/wp-json\/wp\/v2\/users\/1"}],"replies":[{"embeddable":true,"href":"https:\/\/apollonex.ee\/ru\/wp-json\/wp\/v2\/comments?post=1839"}],"version-history":[{"count":4,"href":"https:\/\/apollonex.ee\/ru\/wp-json\/wp\/v2\/pages\/1839\/revisions"}],"predecessor-version":[{"id":1843,"href":"https:\/\/apollonex.ee\/ru\/wp-json\/wp\/v2\/pages\/1839\/revisions\/1843"}],"up":[{"embeddable":true,"href":"https:\/\/apollonex.ee\/ru\/wp-json\/wp\/v2\/pages\/1209"}],"wp:featuredmedia":[{"embeddable":true,"href":"https:\/\/apollonex.ee\/ru\/wp-json\/wp\/v2\/media\/1679"}],"wp:attachment":[{"href":"https:\/\/apollonex.ee\/ru\/wp-json\/wp\/v2\/media?parent=1839"}],"wp:term":[{"taxonomy":"aasta","embeddable":true,"href":"https:\/\/apollonex.ee\/ru\/wp-json\/wp\/v2\/aasta?post=1839"},{"taxonomy":"objekti_tuup","embeddable":true,"href":"https:\/\/apollonex.ee\/ru\/wp-json\/wp\/v2\/objekti_tuup?post=1839"}],"curies":[{"name":"wp","href":"https:\/\/api.w.org\/{rel}","templated":true}]}}