{"id":1844,"date":"2025-08-28T13:35:08","date_gmt":"2025-08-28T10:35:08","guid":{"rendered":"https:\/\/apollonex.ee\/?page_id=1844"},"modified":"2025-08-29T15:40:12","modified_gmt":"2025-08-29T12:40:12","slug":"masti-tn-11-tallinn","status":"publish","type":"page","link":"https:\/\/apollonex.ee\/ru\/referentsid\/masti-tn-11-tallinn\/","title":{"rendered":"Masti tn 11, Tallinn"},"content":{"rendered":"<div data-elementor-type=\"wp-page\" data-elementor-id=\"1844\" class=\"elementor elementor-1844\">\n\t\t\t\t<div class=\"elementor-element elementor-element-abf215d e-flex e-con-boxed wpr-particle-no wpr-jarallax-no wpr-parallax-no wpr-sticky-section-no wpr-equal-height-no e-con e-parent\" data-id=\"abf215d\" data-element_type=\"container\" data-e-type=\"container\" data-settings=\"{&quot;background_background&quot;:&quot;classic&quot;}\">\n\t\t\t\t\t<div class=\"e-con-inner\">\n\t\t\t\t<div class=\"elementor-element elementor-element-4474ad1 elementor-widget elementor-widget-heading\" data-id=\"4474ad1\" data-element_type=\"widget\" data-e-type=\"widget\" data-widget_type=\"heading.default\">\n\t\t\t\t<div class=\"elementor-widget-container\">\n\t\t\t\t\t<h2 class=\"elementor-heading-title elementor-size-default\">Masti tn 11, Tallinn<\/h2>\t\t\t\t<\/div>\n\t\t\t\t<\/div>\n\t\t\t\t<div class=\"elementor-element elementor-element-2eb32b8 elementor-widget elementor-widget-heading\" data-id=\"2eb32b8\" data-element_type=\"widget\" data-e-type=\"widget\" data-widget_type=\"heading.default\">\n\t\t\t\t<div class=\"elementor-widget-container\">\n\t\t\t\t\t<h2 class=\"elementor-heading-title elementor-size-default\">\u0413\u043b\u0430\u0432\u043d\u0430\u044f &gt; \u0420\u0435\u0444\u0435\u0440\u0435\u043d\u0446\u0438\u0438<\/h2>\t\t\t\t<\/div>\n\t\t\t\t<\/div>\n\t\t\t\t\t<\/div>\n\t\t\t\t<\/div>\n\t\t<div class=\"elementor-element elementor-element-6853537 e-flex e-con-boxed wpr-particle-no wpr-jarallax-no wpr-parallax-no wpr-sticky-section-no wpr-equal-height-no elementor-invisible e-con e-parent\" data-id=\"6853537\" data-element_type=\"container\" data-e-type=\"container\" data-settings=\"{&quot;animation&quot;:&quot;zoomIn&quot;}\">\n\t\t\t\t\t<div class=\"e-con-inner\">\n\t\t<div class=\"elementor-element elementor-element-cff0763 e-con-full e-flex wpr-particle-no wpr-jarallax-no wpr-parallax-no wpr-sticky-section-no wpr-equal-height-no e-con e-child\" data-id=\"cff0763\" data-element_type=\"container\" data-e-type=\"container\" data-settings=\"{&quot;background_background&quot;:&quot;classic&quot;}\">\n\t\t<div class=\"elementor-element elementor-element-cd3d8b7 e-con-full e-flex wpr-particle-no wpr-jarallax-no wpr-parallax-no wpr-sticky-section-no wpr-equal-height-no e-con e-child\" data-id=\"cd3d8b7\" data-element_type=\"container\" data-e-type=\"container\">\n\t\t\t\t<div class=\"elementor-element elementor-element-b51c816 elementor-widget elementor-widget-image\" data-id=\"b51c816\" data-element_type=\"widget\" data-e-type=\"widget\" data-widget_type=\"image.default\">\n\t\t\t\t<div class=\"elementor-widget-container\">\n\t\t\t\t\t\t\t\t\t\t\t\t\t\t\t<img fetchpriority=\"high\" decoding=\"async\" width=\"1024\" height=\"683\" src=\"https:\/\/apollonex.ee\/wp-content\/uploads\/2025\/08\/1-1024x683-1.png\" class=\"attachment-full size-full wp-image-1665\" alt=\"\" srcset=\"https:\/\/apollonex.ee\/wp-content\/uploads\/2025\/08\/1-1024x683-1.png 1024w, https:\/\/apollonex.ee\/wp-content\/uploads\/2025\/08\/1-1024x683-1-300x200.png 300w, https:\/\/apollonex.ee\/wp-content\/uploads\/2025\/08\/1-1024x683-1-768x512.png 768w\" sizes=\"(max-width: 1024px) 100vw, 1024px\" \/>\t\t\t\t\t\t\t\t\t\t\t\t\t\t\t<\/div>\n\t\t\t\t<\/div>\n\t\t\t\t<div class=\"elementor-element elementor-element-ce6f296 elementor-arrows-position-inside elementor-pagination-position-outside elementor-widget elementor-widget-image-carousel\" data-id=\"ce6f296\" data-element_type=\"widget\" data-e-type=\"widget\" data-settings=\"{&quot;navigation&quot;:&quot;both&quot;,&quot;autoplay&quot;:&quot;yes&quot;,&quot;pause_on_hover&quot;:&quot;yes&quot;,&quot;pause_on_interaction&quot;:&quot;yes&quot;,&quot;autoplay_speed&quot;:5000,&quot;infinite&quot;:&quot;yes&quot;,&quot;speed&quot;:500}\" data-widget_type=\"image-carousel.default\">\n\t\t\t\t<div class=\"elementor-widget-container\">\n\t\t\t\t\t\t\t<div class=\"elementor-image-carousel-wrapper swiper\" role=\"region\" aria-roledescription=\"carousel\" aria-label=\"\u041a\u0430\u0440\u0443\u0441\u0435\u043b\u044c\" dir=\"ltr\">\n\t\t\t<div class=\"elementor-image-carousel swiper-wrapper\" aria-live=\"off\">\n\t\t\t\t\t\t\t\t<div class=\"swiper-slide\" role=\"group\" aria-roledescription=\"slide\" aria-label=\"1 of 6\"><figure class=\"swiper-slide-inner\"><img decoding=\"async\" class=\"swiper-slide-image\" src=\"https:\/\/apollonex.ee\/wp-content\/uploads\/2025\/08\/Masti-11_3d_3-150x150.jpg\" alt=\"Masti-11_3d_3\" \/><\/figure><\/div><div class=\"swiper-slide\" role=\"group\" aria-roledescription=\"slide\" aria-label=\"2 of 6\"><figure class=\"swiper-slide-inner\"><img decoding=\"async\" class=\"swiper-slide-image\" src=\"https:\/\/apollonex.ee\/wp-content\/uploads\/2025\/08\/sees-6-768x1024-1-150x150.jpg\" alt=\"sees-6-768x1024\" \/><\/figure><\/div><div class=\"swiper-slide\" role=\"group\" aria-roledescription=\"slide\" aria-label=\"3 of 6\"><figure class=\"swiper-slide-inner\"><img decoding=\"async\" class=\"swiper-slide-image\" src=\"https:\/\/apollonex.ee\/wp-content\/uploads\/2025\/08\/sees-9-768x1024-1-150x150.jpg\" alt=\"sees-9-768x1024\" \/><\/figure><\/div><div class=\"swiper-slide\" role=\"group\" aria-roledescription=\"slide\" aria-label=\"4 of 6\"><figure class=\"swiper-slide-inner\"><img decoding=\"async\" class=\"swiper-slide-image\" src=\"https:\/\/apollonex.ee\/wp-content\/uploads\/2025\/08\/3-1024x683-1-150x150.png\" alt=\"3-1024x683\" \/><\/figure><\/div><div class=\"swiper-slide\" role=\"group\" aria-roledescription=\"slide\" aria-label=\"5 of 6\"><figure class=\"swiper-slide-inner\"><img decoding=\"async\" class=\"swiper-slide-image\" src=\"https:\/\/apollonex.ee\/wp-content\/uploads\/2025\/08\/2-1024x683-1-150x150.png\" alt=\"2-1024x683\" \/><\/figure><\/div><div class=\"swiper-slide\" role=\"group\" aria-roledescription=\"slide\" aria-label=\"6 of 6\"><figure class=\"swiper-slide-inner\"><img decoding=\"async\" class=\"swiper-slide-image\" src=\"https:\/\/apollonex.ee\/wp-content\/uploads\/2025\/08\/1-1024x683-1-150x150.png\" alt=\"1-1024x683\" \/><\/figure><\/div>\t\t\t<\/div>\n\t\t\t\t\t\t\t\t\t\t\t\t<div class=\"elementor-swiper-button elementor-swiper-button-prev\" role=\"button\" tabindex=\"0\">\n\t\t\t\t\t\t<svg aria-hidden=\"true\" class=\"e-font-icon-svg e-eicon-chevron-left\" viewbox=\"0 0 1000 1000\" xmlns=\"http:\/\/www.w3.org\/2000\/svg\"><path d=\"M646 125C629 125 613 133 604 142L308 442C296 454 292 471 292 487 292 504 296 521 308 533L604 854C617 867 629 875 646 875 663 875 679 871 692 858 704 846 713 829 713 812 713 796 708 779 692 767L438 487 692 225C700 217 708 204 708 187 708 171 704 154 692 142 675 129 663 125 646 125Z\"><\/path><\/svg>\t\t\t\t\t<\/div>\n\t\t\t\t\t<div class=\"elementor-swiper-button elementor-swiper-button-next\" role=\"button\" tabindex=\"0\">\n\t\t\t\t\t\t<svg aria-hidden=\"true\" class=\"e-font-icon-svg e-eicon-chevron-right\" viewbox=\"0 0 1000 1000\" xmlns=\"http:\/\/www.w3.org\/2000\/svg\"><path d=\"M696 533C708 521 713 504 713 487 713 471 708 454 696 446L400 146C388 133 375 125 354 125 338 125 325 129 313 142 300 154 292 171 292 187 292 204 296 221 308 233L563 492 304 771C292 783 288 800 288 817 288 833 296 850 308 863 321 871 338 875 354 875 371 875 388 867 400 854L696 533Z\"><\/path><\/svg>\t\t\t\t\t<\/div>\n\t\t\t\t\n\t\t\t\t\t\t\t\t\t<div class=\"swiper-pagination\"><\/div>\n\t\t\t\t\t\t\t\t\t<\/div>\n\t\t\t\t\t\t<\/div>\n\t\t\t\t<\/div>\n\t\t\t\t<\/div>\n\t\t<div class=\"elementor-element elementor-element-1b5070c e-flex e-con-boxed wpr-particle-no wpr-jarallax-no wpr-parallax-no wpr-sticky-section-no wpr-equal-height-no e-con e-child\" data-id=\"1b5070c\" data-element_type=\"container\" data-e-type=\"container\">\n\t\t\t\t\t<div class=\"e-con-inner\">\n\t\t\t\t<div class=\"elementor-element elementor-element-917ae0f elementor-widget elementor-widget-text-editor\" data-id=\"917ae0f\" data-element_type=\"widget\" data-e-type=\"widget\" data-widget_type=\"text-editor.default\">\n\t\t\t\t<div class=\"elementor-widget-container\">\n\t\t\t\t\t\t\t\t\t<p data-start=\"126\" data-end=\"314\"><strong data-start=\"126\" data-end=\"136\">\u0413\u043e\u0434 \u043f\u0440\u043e\u0435\u043a\u0442\u0430:<\/strong> 2024\u2003\u2022\u2003<strong data-start=\"144\" data-end=\"156\">\u0417\u0430\u043a\u0430\u0437\u0447\u0438\u043a:<\/strong> <strong data-start=\"157\" data-end=\"176\">GRAND EHITUS O\u00dc<\/strong>\u2003\u2022\u2003<strong data-start=\"179\" data-end=\"192\">\u0418\u0441\u043f\u043e\u043b\u043d\u0438\u0442\u0435\u043b\u044c:<\/strong> Apollonex Ehitus O\u00dc<\/p><p data-start=\"316\" data-end=\"730\">\u041c\u044b \u0432\u044b\u043f\u043e\u043b\u043d\u0438\u043b\u0438 \u0432\u043d\u0443\u0442\u0440\u0435\u043d\u043d\u0438\u0435 \u0440\u0430\u0431\u043e\u0442\u044b \u043c\u043d\u043e\u0433\u043e\u043a\u0432\u0430\u0440\u0442\u0438\u0440\u043d\u043e\u0433\u043e \u0434\u043e\u043c\u0430 \u2014 \u043e\u0442 \u043f\u0435\u0440\u0435\u0433\u043e\u0440\u043e\u0434\u043e\u043a \u0434\u043e \u043e\u0442\u0434\u0435\u043b\u043a\u0438 \u0432\u043b\u0430\u0436\u043d\u044b\u0445 \u043f\u043e\u043c\u0435\u0449\u0435\u043d\u0438\u0439. \u0412\u043e\u0437\u0432\u0435\u043b\u0438 \u043f\u0435\u0440\u0435\u0433\u043e\u0440\u043e\u0434\u043a\u0438 \u0438 \u043f\u043e\u0434\u0432\u0435\u0441\u043d\u044b\u0435 \u043f\u043e\u0442\u043e\u043b\u043a\u0438 \u0438\u0437 \u0433\u0438\u043f\u0441\u043e\u043a\u0430\u0440\u0442\u043e\u043d\u0430 \u0432 \u0441\u043e\u043e\u0442\u0432\u0435\u0442\u0441\u0442\u0432\u0438\u0438 \u0441 \u0442\u0440\u0435\u0431\u043e\u0432\u0430\u043d\u0438\u044f\u043c\u0438 \u043f\u043e \u043e\u0433\u043d\u0435- \u0438 \u0432\u043b\u0430\u0433\u043e\u0441\u0442\u043e\u0439\u043a\u043e\u0441\u0442\u0438, \u0441\u043c\u043e\u043d\u0442\u0438\u0440\u043e\u0432\u0430\u043b\u0438 \u043e\u0431\u0441\u043b\u0443\u0436\u0438\u0432\u0430\u0435\u043c\u044b\u0435 \u043c\u043e\u0434\u0443\u043b\u044c\u043d\u044b\u0435 \u043f\u043e\u0442\u043e\u043b\u043a\u0438 \u0438 \u0437\u0430\u0432\u0435\u0440\u0448\u0438\u043b\u0438 \u0432\u0430\u043d\u043d\u044b\u0435 \u043a\u043e\u043c\u043d\u0430\u0442\u044b \u0433\u0438\u0434\u0440\u043e\u0438\u0437\u043e\u043b\u044f\u0446\u0438\u0435\u0439 \u0438 \u043e\u0431\u043b\u0438\u0446\u043e\u0432\u043a\u043e\u0439. \u0421\u043a\u043e\u043e\u0440\u0434\u0438\u043d\u0438\u0440\u043e\u0432\u0430\u043b\u0438 \u043e\u0442\u0432\u0435\u0440\u0441\u0442\u0438\u044f \u043f\u043e\u0434 \u0441\u0432\u0435\u0442\u0438\u043b\u044c\u043d\u0438\u043a\u0438, \u0432\u0435\u043d\u0442\u0438\u043b\u044f\u0446\u0438\u044e \u0438 \u0440\u0435\u0432\u0438\u0437\u0438\u043e\u043d\u043d\u044b\u0435 \u043b\u044e\u043a\u0438, \u0432\u044b\u0434\u0435\u0440\u0436\u0430\u043b\u0438 \u0440\u043e\u0432\u043d\u044b\u0435 \u043b\u0438\u043d\u0438\u0438 \u0438 \u043f\u0435\u0440\u0435\u0434\u0430\u043b\u0438 \u043f\u043e\u0432\u0435\u0440\u0445\u043d\u043e\u0441\u0442\u0438 \u0432 \u0433\u043e\u0442\u043e\u0432\u043d\u043e\u0441\u0442\u0438 \u043f\u043e\u0434 \u043e\u043a\u0440\u0430\u0441\u043a\u0443.<\/p>\t\t\t\t\t\t\t\t<\/div>\n\t\t\t\t<\/div>\n\t\t\t\t<div class=\"elementor-element elementor-element-4861945 elementor-widget-divider--view-line elementor-widget elementor-widget-divider\" data-id=\"4861945\" data-element_type=\"widget\" data-e-type=\"widget\" data-widget_type=\"divider.default\">\n\t\t\t\t<div class=\"elementor-widget-container\">\n\t\t\t\t\t\t\t<div class=\"elementor-divider\">\n\t\t\t<span class=\"elementor-divider-separator\">\n\t\t\t\t\t\t<\/span>\n\t\t<\/div>\n\t\t\t\t\t\t<\/div>\n\t\t\t\t<\/div>\n\t\t\t\t<div class=\"elementor-element elementor-element-73efc55 elementor-icon-list--layout-traditional elementor-list-item-link-full_width elementor-widget elementor-widget-icon-list\" data-id=\"73efc55\" data-element_type=\"widget\" data-e-type=\"widget\" data-widget_type=\"icon-list.default\">\n\t\t\t\t<div class=\"elementor-widget-container\">\n\t\t\t\t\t\t\t<ul class=\"elementor-icon-list-items\">\n\t\t\t\t\t\t\t<li class=\"elementor-icon-list-item\">\n\t\t\t\t\t\t\t\t\t\t\t<span class=\"elementor-icon-list-icon\">\n\t\t\t\t\t\t\t<svg aria-hidden=\"true\" class=\"e-font-icon-svg e-fas-check-circle\" viewbox=\"0 0 512 512\" xmlns=\"http:\/\/www.w3.org\/2000\/svg\"><path d=\"M504 256c0 136.967-111.033 248-248 248S8 392.967 8 256 119.033 8 256 8s248 111.033 248 248zM227.314 387.314l184-184c6.248-6.248 6.248-16.379 0-22.627l-22.627-22.627c-6.248-6.249-16.379-6.249-22.628 0L216 308.118l-70.059-70.059c-6.248-6.248-16.379-6.248-22.628 0l-22.627 22.627c-6.248 6.248-6.248 16.379 0 22.627l104 104c6.249 6.249 16.379 6.249 22.628.001z\"><\/path><\/svg>\t\t\t\t\t\t<\/span>\n\t\t\t\t\t\t\t\t\t\t<span class=\"elementor-icon-list-text\">\u0413\u0438\u043f\u0441\u043e\u043a\u0430\u0440\u0442\u043e\u043d\u043d\u044b\u0435 \u0440\u0430\u0431\u043e\u0442\u044b: \u043f\u0435\u0440\u0435\u0433\u043e\u0440\u043e\u0434\u043a\u0438 \u0438 \u043f\u043e\u0434\u0432\u0435\u0441\u043d\u044b\u0435 \u043f\u043e\u0442\u043e\u043b\u043a\u0438, \u0442\u0440\u0435\u0431\u043e\u0432\u0430\u043d\u0438\u044f EI\/H2, \u0430\u0440\u043c\u0438\u0440\u043e\u0432\u0430\u043d\u0438\u0435 \u043b\u0435\u043d\u0442\u043e\u0439 \u0438 \u0448\u043f\u0430\u043a\u043b\u0451\u0432\u043a\u0430 \u0434\u043e \u0443\u0440\u043e\u0432\u043d\u044f Q3\u2013Q4.<\/span>\n\t\t\t\t\t\t\t\t\t<\/li>\n\t\t\t\t\t\t\t\t<li class=\"elementor-icon-list-item\">\n\t\t\t\t\t\t\t\t\t\t\t<span class=\"elementor-icon-list-icon\">\n\t\t\t\t\t\t\t<svg aria-hidden=\"true\" class=\"e-font-icon-svg e-fas-check-circle\" viewbox=\"0 0 512 512\" xmlns=\"http:\/\/www.w3.org\/2000\/svg\"><path d=\"M504 256c0 136.967-111.033 248-248 248S8 392.967 8 256 119.033 8 256 8s248 111.033 248 248zM227.314 387.314l184-184c6.248-6.248 6.248-16.379 0-22.627l-22.627-22.627c-6.248-6.249-16.379-6.249-22.628 0L216 308.118l-70.059-70.059c-6.248-6.248-16.379-6.248-22.628 0l-22.627 22.627c-6.248 6.248-6.248 16.379 0 22.627l104 104c6.249 6.249 16.379 6.249 22.628.001z\"><\/path><\/svg>\t\t\t\t\t\t<\/span>\n\t\t\t\t\t\t\t\t\t\t<span class=\"elementor-icon-list-text\">\u041c\u043e\u0434\u0443\u043b\u044c\u043d\u044b\u0435 \u043f\u043e\u0434\u0432\u0435\u0441\u043d\u044b\u0435 \u043f\u043e\u0442\u043e\u043b\u043a\u0438: \u0441\u0435\u0442\u043a\u0430 \u043d\u0435\u0441\u0443\u0449\u0438\u0445 \u043f\u0440\u043e\u0444\u0438\u043b\u0435\u0439 600\u00d7600 \/ 600\u00d71200, \u0438\u043d\u0442\u0435\u0433\u0440\u0430\u0446\u0438\u044f LED-\u043f\u0430\u043d\u0435\u043b\u0435\u0439 \u0438 \u0432\u0435\u043d\u0442\u0438\u043b\u044f\u0446\u0438\u043e\u043d\u043d\u044b\u0445 \u043e\u0442\u0432\u0435\u0440\u0441\u0442\u0438\u0439, \u043e\u0431\u0441\u043b\u0443\u0436\u0438\u0432\u0430\u0435\u043c\u043e\u0441\u0442\u044c.<\/span>\n\t\t\t\t\t\t\t\t\t<\/li>\n\t\t\t\t\t\t\t\t<li class=\"elementor-icon-list-item\">\n\t\t\t\t\t\t\t\t\t\t\t<span class=\"elementor-icon-list-icon\">\n\t\t\t\t\t\t\t<svg aria-hidden=\"true\" class=\"e-font-icon-svg e-fas-check-circle\" viewbox=\"0 0 512 512\" xmlns=\"http:\/\/www.w3.org\/2000\/svg\"><path d=\"M504 256c0 136.967-111.033 248-248 248S8 392.967 8 256 119.033 8 256 8s248 111.033 248 248zM227.314 387.314l184-184c6.248-6.248 6.248-16.379 0-22.627l-22.627-22.627c-6.248-6.249-16.379-6.249-22.628 0L216 308.118l-70.059-70.059c-6.248-6.248-16.379-6.248-22.628 0l-22.627 22.627c-6.248 6.248-6.248 16.379 0 22.627l104 104c6.249 6.249 16.379 6.249 22.628.001z\"><\/path><\/svg>\t\t\t\t\t\t<\/span>\n\t\t\t\t\t\t\t\t\t\t<span class=\"elementor-icon-list-text\">\u041f\u043b\u0438\u0442\u043e\u0447\u043d\u044b\u0435 \u0440\u0430\u0431\u043e\u0442\u044b: \u0432\u044b\u0440\u0430\u0432\u043d\u0438\u0432\u0430\u043d\u0438\u0435 \u043e\u0441\u043d\u043e\u0432\u0430\u043d\u0438\u044f, \u0433\u0438\u0434\u0440\u043e\u0438\u0437\u043e\u043b\u044f\u0446\u0438\u044f \u043f\u043e ETAG 022, \u043a\u0440\u0443\u043f\u043d\u043e\u0444\u043e\u0440\u043c\u0430\u0442\/\u043c\u043e\u0437\u0430\u0438\u043a\u0430, \u0437\u0430\u0442\u0438\u0440\u043a\u0430 \u0438 \u0441\u0438\u043b\u0438\u043a\u043e\u043d.<\/span>\n\t\t\t\t\t\t\t\t\t<\/li>\n\t\t\t\t\t\t<\/ul>\n\t\t\t\t\t\t<\/div>\n\t\t\t\t<\/div>\n\t\t\t\t<div class=\"elementor-element elementor-element-0c1ed06 elementor-widget elementor-widget-text-editor\" data-id=\"0c1ed06\" data-element_type=\"widget\" data-e-type=\"widget\" data-widget_type=\"text-editor.default\">\n\t\t\t\t<div class=\"elementor-widget-container\">\n\t\t\t\t\t\t\t\t\t<p data-start=\"126\" data-end=\"314\"><strong data-start=\"1056\" data-end=\"1068\">\u0420\u0435\u0437\u0443\u043b\u044c\u0442\u0430\u0442:<\/strong> \u0440\u043e\u0432\u043d\u044b\u0435 \u043b\u0438\u043d\u0438\u0438, \u0432\u043e\u0434\u043e\u043d\u0435\u043f\u0440\u043e\u043d\u0438\u0446\u0430\u0435\u043c\u044b\u0435 \u0432\u043b\u0430\u0436\u043d\u044b\u0435 \u043f\u043e\u043c\u0435\u0449\u0435\u043d\u0438\u044f \u0438 \u043e\u0431\u044a\u0435\u043a\u0442, \u0441\u0434\u0430\u043d\u043d\u044b\u0439 \u0432 \u0441\u0440\u043e\u043a, \u0441 \u0433\u0430\u0440\u0430\u043d\u0442\u0438\u0435\u0439.<\/p>\t\t\t\t\t\t\t\t<\/div>\n\t\t\t\t<\/div>\n\t\t\t\t<div class=\"elementor-element elementor-element-df13814 wpr-button-icon-style-inline wpr-button-icon-position-right elementor-widget elementor-widget-wpr-button\" data-id=\"df13814\" data-element_type=\"widget\" data-e-type=\"widget\" data-widget_type=\"wpr-button.default\">\n\t\t\t\t<div class=\"elementor-widget-container\">\n\t\t\t\t\t\t\n\t\t\t\n\t\t\n\t\t<div class=\"wpr-button-wrap elementor-clearfix\">\n\t\t<a class=\"wpr-button wpr-button-effect wpr-button-none\" data-text=\"\" href=\"\/ru\/kontakt\/\">\n\t\t\t\n\t\t\t<span class=\"wpr-button-content\">\n\t\t\t\t\t\t\t\t\t<span class=\"wpr-button-text\">K\u00fcsi pakkumist<\/span>\n\t\t\t\t\t\t\t\t\n\t\t\t\t\t\t\t\t\t<span class=\"wpr-button-icon\"><svg class=\"e-font-icon-svg e-fas-chevron-right\" viewbox=\"0 0 320 512\" xmlns=\"http:\/\/www.w3.org\/2000\/svg\"><path d=\"M285.476 272.971L91.132 467.314c-9.373 9.373-24.569 9.373-33.941 0l-22.667-22.667c-9.357-9.357-9.375-24.522-.04-33.901L188.505 256 34.484 101.255c-9.335-9.379-9.317-24.544.04-33.901l22.667-22.667c9.373-9.373 24.569-9.373 33.941 0L285.475 239.03c9.373 9.372 9.373 24.568.001 33.941z\"><\/path><\/svg><\/span>\n\t\t\t\t\t\t\t<\/span>\n\t\t<\/a>\n\n\t\t\t\t<\/div>\n\t\n\t\n\t\t\t\t\t<\/div>\n\t\t\t\t<\/div>\n\t\t\t\t\t<\/div>\n\t\t\t\t<\/div>\n\t\t\t\t<\/div>\n\t\t\t\t\t<\/div>\n\t\t\t\t<\/div>\n\t\t\t\t<\/div>","protected":false},"excerpt":{"rendered":"<p>Masti tn 11, Tallinn Avaleht &gt; Referentsid Aasta: 2024\u2003\u2022\u2003Tellija: GRAND EHITUS O\u00dc\u2003\u2022\u2003Teostaja: Apollonex Ehitus O\u00dc Teostasime korterelamu siset\u00f6\u00f6d alates vaheseintest kuni m\u00e4rgruumide viimistluseni. Ehitasime kipsplaadist vaheseinad ja ripplaed vastavalt tule- ja niiskusn\u00f5uetele, paigaldasime hooldatavad moodulripplaed ning l\u00f5petasime vannitoad h\u00fcdroisolatsiooni ja plaatimisega. Koordineerisime avad valgustitele, ventilatsioonile ja inspekteerimisluukidele, hoidsime sirged joone ja andsime pinnad \u00fcle v\u00e4rviks valmis tasemel. Kipsplaatt\u00f6\u00f6d: vaheseinad ja ripplaed, EI\/H2 n\u00f5uded, teipimine-pahteldus kuni Q3\u2013Q4. Moodulripplaed: kandurite v\u00f5rk 600\u00d7600\/600\u00d71200, LED-paneelide ja ventilatsiooniavade integreerimine, hooldatavus. Plaatimist\u00f6\u00f6d: aluspinna tasandus, ETAG 022 h\u00fcdroisolatsioon, suurformaat\/mosaiik, vuugid ja silikoon. Tulemus: korrektsed liinid, veetihedad m\u00e4rgruumid ja t\u00e4htajaks \u00fcle antud objekt koos garantiiga. K\u00fcsi pakkumist<\/p>","protected":false},"author":1,"featured_media":1666,"parent":1209,"menu_order":0,"comment_status":"closed","ping_status":"closed","template":"elementor_canvas","meta":{"footnotes":""},"aasta":[35],"objekti_tuup":[44],"class_list":["post-1844","page","type-page","status-publish","has-post-thumbnail","hentry","aasta-2024a","objekti_tuup-korterelamu"],"_links":{"self":[{"href":"https:\/\/apollonex.ee\/ru\/wp-json\/wp\/v2\/pages\/1844","targetHints":{"allow":["GET"]}}],"collection":[{"href":"https:\/\/apollonex.ee\/ru\/wp-json\/wp\/v2\/pages"}],"about":[{"href":"https:\/\/apollonex.ee\/ru\/wp-json\/wp\/v2\/types\/page"}],"author":[{"embeddable":true,"href":"https:\/\/apollonex.ee\/ru\/wp-json\/wp\/v2\/users\/1"}],"replies":[{"embeddable":true,"href":"https:\/\/apollonex.ee\/ru\/wp-json\/wp\/v2\/comments?post=1844"}],"version-history":[{"count":7,"href":"https:\/\/apollonex.ee\/ru\/wp-json\/wp\/v2\/pages\/1844\/revisions"}],"predecessor-version":[{"id":1959,"href":"https:\/\/apollonex.ee\/ru\/wp-json\/wp\/v2\/pages\/1844\/revisions\/1959"}],"up":[{"embeddable":true,"href":"https:\/\/apollonex.ee\/ru\/wp-json\/wp\/v2\/pages\/1209"}],"wp:featuredmedia":[{"embeddable":true,"href":"https:\/\/apollonex.ee\/ru\/wp-json\/wp\/v2\/media\/1666"}],"wp:attachment":[{"href":"https:\/\/apollonex.ee\/ru\/wp-json\/wp\/v2\/media?parent=1844"}],"wp:term":[{"taxonomy":"aasta","embeddable":true,"href":"https:\/\/apollonex.ee\/ru\/wp-json\/wp\/v2\/aasta?post=1844"},{"taxonomy":"objekti_tuup","embeddable":true,"href":"https:\/\/apollonex.ee\/ru\/wp-json\/wp\/v2\/objekti_tuup?post=1844"}],"curies":[{"name":"wp","href":"https:\/\/api.w.org\/{rel}","templated":true}]}}