{"id":1849,"date":"2025-08-28T13:40:48","date_gmt":"2025-08-28T10:40:48","guid":{"rendered":"https:\/\/apollonex.ee\/?page_id=1849"},"modified":"2025-08-29T15:20:29","modified_gmt":"2025-08-29T12:20:29","slug":"avalon-plaza","status":"publish","type":"page","link":"https:\/\/apollonex.ee\/ru\/referentsid\/avalon-plaza\/","title":{"rendered":"Avalon Plaza"},"content":{"rendered":"<div data-elementor-type=\"wp-page\" data-elementor-id=\"1849\" class=\"elementor elementor-1849\">\n\t\t\t\t<div class=\"elementor-element elementor-element-abf215d e-flex e-con-boxed wpr-particle-no wpr-jarallax-no wpr-parallax-no wpr-sticky-section-no wpr-equal-height-no e-con e-parent\" data-id=\"abf215d\" data-element_type=\"container\" data-e-type=\"container\" data-settings=\"{&quot;background_background&quot;:&quot;classic&quot;}\">\n\t\t\t\t\t<div class=\"e-con-inner\">\n\t\t\t\t<div class=\"elementor-element elementor-element-4474ad1 elementor-widget elementor-widget-heading\" data-id=\"4474ad1\" data-element_type=\"widget\" data-e-type=\"widget\" data-widget_type=\"heading.default\">\n\t\t\t\t<div class=\"elementor-widget-container\">\n\t\t\t\t\t<h2 class=\"elementor-heading-title elementor-size-default\">Avalon Plaza<\/h2>\t\t\t\t<\/div>\n\t\t\t\t<\/div>\n\t\t\t\t<div class=\"elementor-element elementor-element-2eb32b8 elementor-widget elementor-widget-heading\" data-id=\"2eb32b8\" data-element_type=\"widget\" data-e-type=\"widget\" data-widget_type=\"heading.default\">\n\t\t\t\t<div class=\"elementor-widget-container\">\n\t\t\t\t\t<h2 class=\"elementor-heading-title elementor-size-default\">\u0413\u043b\u0430\u0432\u043d\u0430\u044f &gt; \u0420\u0435\u0444\u0435\u0440\u0435\u043d\u0446\u0438\u0438<\/h2>\t\t\t\t<\/div>\n\t\t\t\t<\/div>\n\t\t\t\t\t<\/div>\n\t\t\t\t<\/div>\n\t\t<div class=\"elementor-element elementor-element-0006ff0 e-flex e-con-boxed wpr-particle-no wpr-jarallax-no wpr-parallax-no wpr-sticky-section-no wpr-equal-height-no elementor-invisible e-con e-parent\" data-id=\"0006ff0\" data-element_type=\"container\" data-e-type=\"container\" data-settings=\"{&quot;animation&quot;:&quot;zoomIn&quot;}\">\n\t\t\t\t\t<div class=\"e-con-inner\">\n\t\t<div class=\"elementor-element elementor-element-898e01c e-con-full e-flex wpr-particle-no wpr-jarallax-no wpr-parallax-no wpr-sticky-section-no wpr-equal-height-no e-con e-child\" data-id=\"898e01c\" data-element_type=\"container\" data-e-type=\"container\" data-settings=\"{&quot;background_background&quot;:&quot;classic&quot;}\">\n\t\t<div class=\"elementor-element elementor-element-02559f5 e-con-full e-flex wpr-particle-no wpr-jarallax-no wpr-parallax-no wpr-sticky-section-no wpr-equal-height-no e-con e-child\" data-id=\"02559f5\" data-element_type=\"container\" data-e-type=\"container\">\n\t\t\t\t<div class=\"elementor-element elementor-element-8676021 elementor-widget elementor-widget-image\" data-id=\"8676021\" data-element_type=\"widget\" data-e-type=\"widget\" data-widget_type=\"image.default\">\n\t\t\t\t<div class=\"elementor-widget-container\">\n\t\t\t\t\t\t\t\t\t\t\t\t\t\t\t<img fetchpriority=\"high\" decoding=\"async\" width=\"768\" height=\"512\" src=\"https:\/\/apollonex.ee\/wp-content\/uploads\/2025\/08\/tartu-mnt-44-cam-03.0000-2-768x512-1.webp\" class=\"attachment-full size-full wp-image-1692\" alt=\"\" srcset=\"https:\/\/apollonex.ee\/wp-content\/uploads\/2025\/08\/tartu-mnt-44-cam-03.0000-2-768x512-1.webp 768w, https:\/\/apollonex.ee\/wp-content\/uploads\/2025\/08\/tartu-mnt-44-cam-03.0000-2-768x512-1-300x200.webp 300w\" sizes=\"(max-width: 768px) 100vw, 768px\" \/>\t\t\t\t\t\t\t\t\t\t\t\t\t\t\t<\/div>\n\t\t\t\t<\/div>\n\t\t\t\t<\/div>\n\t\t<div class=\"elementor-element elementor-element-6bf6660 e-flex e-con-boxed wpr-particle-no wpr-jarallax-no wpr-parallax-no wpr-sticky-section-no wpr-equal-height-no e-con e-child\" data-id=\"6bf6660\" data-element_type=\"container\" data-e-type=\"container\">\n\t\t\t\t\t<div class=\"e-con-inner\">\n\t\t\t\t<div class=\"elementor-element elementor-element-853f424 elementor-widget elementor-widget-text-editor\" data-id=\"853f424\" data-element_type=\"widget\" data-e-type=\"widget\" data-widget_type=\"text-editor.default\">\n\t\t\t\t<div class=\"elementor-widget-container\">\n\t\t\t\t\t\t\t\t\t<p data-start=\"177\" data-end=\"415\"><strong data-start=\"177\" data-end=\"187\">\u0413\u043e\u0434 \u043f\u0440\u043e\u0435\u043a\u0442\u0430:<\/strong> 2025\u2003\u2022\u2003<strong data-start=\"195\" data-end=\"207\">\u0417\u0430\u043a\u0430\u0437\u0447\u0438\u043a:<\/strong> Bildgren Ehitus\u2003\u2022\u2003<strong data-start=\"226\" data-end=\"239\">\u0418\u0441\u043f\u043e\u043b\u043d\u0438\u0442\u0435\u043b\u044c:<\/strong> Apollonex Ehitus O\u00dc<br data-start=\"259\" data-end=\"262\" \/><strong data-start=\"262\" data-end=\"274\">\u0410\u0434\u0440\u0435\u0441:<\/strong> Tartu mnt 44 \u2013 Avalon Plaza\u00a0<\/p><p data-start=\"177\" data-end=\"415\">\u041d\u0430 Tartu mnt 44 \u043d\u0430 \u0433\u043b\u0430\u0432\u043d\u043e\u0439 \u0430\u0440\u0442\u0435\u0440\u0438\u0438 \u0422\u0430\u043b\u043b\u0438\u043d\u0430 \u0432\u043e\u0437\u0432\u043e\u0434\u0438\u0442\u0441\u044f \u043d\u043e\u0432\u044b\u0439 \u043a\u043e\u043c\u043c\u0435\u0440\u0447\u0435\u0441\u043a\u043e-\u0436\u0438\u043b\u043e\u0439 \u0434\u043e\u043c \u0432 \u043c\u0430\u043d\u0445\u044d\u0442\u0442\u0435\u043d\u0441\u043a\u043e\u043c \u0441\u0442\u0438\u043b\u0435. \u0414\u0435\u0432\u0435\u043b\u043e\u043f\u0435\u0440 \u2014 Avalon; \u0441\u0442\u0440\u043e\u0438\u0442\u0435\u043b\u044c\u043d\u044b\u0439 \u043a\u043e\u043d\u0442\u0440\u0430\u043a\u0442 \u0441 Bildgren Ehitus \u0431\u044b\u043b \u043f\u043e\u0434\u043f\u0438\u0441\u0430\u043d \u0432 \u043c\u0430\u0435 2024 \u0433\u043e\u0434\u0430 (~14,5 \u043c\u043b\u043d \u20ac). \u0421\u0442\u0440\u043e\u0438\u0442\u0435\u043b\u044c\u0441\u0442\u0432\u043e \u043d\u0430\u0447\u0430\u043b\u043e\u0441\u044c \u0432\u043e II \u043a\u0432\u0430\u0440\u0442\u0430\u043b\u0435 2024 \u0433\u043e\u0434\u0430, \u0437\u0430\u0432\u0435\u0440\u0448\u0435\u043d\u0438\u0435 \u043f\u043b\u0430\u043d\u0438\u0440\u0443\u0435\u0442\u0441\u044f \u043a \u043a\u043e\u043d\u0446\u0443 2025 \u0433\u043e\u0434\u0430. \u0412 \u0437\u0434\u0430\u043d\u0438\u0438 \u0431\u0443\u0434\u0443\u0442 \u0436\u0438\u043b\u044b\u0435 \u0438 \u043a\u043e\u043c\u043c\u0435\u0440\u0447\u0435\u0441\u043a\u0438\u0435 \u043f\u043b\u043e\u0449\u0430\u0434\u0438; \u043f\u0440\u043e\u0435\u043a\u0442 \u043d\u043e\u0441\u0438\u0442 \u043d\u0430\u0437\u0432\u0430\u043d\u0438\u0435 Avalon Plaza.<\/p>\t\t\t\t\t\t\t\t<\/div>\n\t\t\t\t<\/div>\n\t\t\t\t<div class=\"elementor-element elementor-element-1b42f61 elementor-widget-divider--view-line elementor-widget elementor-widget-divider\" data-id=\"1b42f61\" data-element_type=\"widget\" data-e-type=\"widget\" data-widget_type=\"divider.default\">\n\t\t\t\t<div class=\"elementor-widget-container\">\n\t\t\t\t\t\t\t<div class=\"elementor-divider\">\n\t\t\t<span class=\"elementor-divider-separator\">\n\t\t\t\t\t\t<\/span>\n\t\t<\/div>\n\t\t\t\t\t\t<\/div>\n\t\t\t\t<\/div>\n\t\t\t\t<div class=\"elementor-element elementor-element-d280bc9 elementor-icon-list--layout-traditional elementor-list-item-link-full_width elementor-widget elementor-widget-icon-list\" data-id=\"d280bc9\" data-element_type=\"widget\" data-e-type=\"widget\" data-widget_type=\"icon-list.default\">\n\t\t\t\t<div class=\"elementor-widget-container\">\n\t\t\t\t\t\t\t<ul class=\"elementor-icon-list-items\">\n\t\t\t\t\t\t\t<li class=\"elementor-icon-list-item\">\n\t\t\t\t\t\t\t\t\t\t\t<span class=\"elementor-icon-list-icon\">\n\t\t\t\t\t\t\t<svg aria-hidden=\"true\" class=\"e-font-icon-svg e-fas-check-circle\" viewbox=\"0 0 512 512\" xmlns=\"http:\/\/www.w3.org\/2000\/svg\"><path d=\"M504 256c0 136.967-111.033 248-248 248S8 392.967 8 256 119.033 8 256 8s248 111.033 248 248zM227.314 387.314l184-184c6.248-6.248 6.248-16.379 0-22.627l-22.627-22.627c-6.248-6.249-16.379-6.249-22.628 0L216 308.118l-70.059-70.059c-6.248-6.248-16.379-6.248-22.628 0l-22.627 22.627c-6.248 6.248-6.248 16.379 0 22.627l104 104c6.249 6.249 16.379 6.249 22.628.001z\"><\/path><\/svg>\t\t\t\t\t\t<\/span>\n\t\t\t\t\t\t\t\t\t\t<span class=\"elementor-icon-list-text\">\u0413\u0438\u043f\u0441\u043e\u043a\u0430\u0440\u0442\u043e\u043d\u043d\u044b\u0435 \u0440\u0430\u0431\u043e\u0442\u044b: \u043f\u0435\u0440\u0435\u0433\u043e\u0440\u043e\u0434\u043a\u0438 \u0438 \u043f\u043e\u0434\u0432\u0435\u0441\u043d\u044b\u0435 \u043f\u043e\u0442\u043e\u043b\u043a\u0438 \u0432 \u0441\u043e\u043e\u0442\u0432\u0435\u0442\u0441\u0442\u0432\u0438\u0438 \u0441 \u0442\u0440\u0435\u0431\u043e\u0432\u0430\u043d\u0438\u044f\u043c\u0438 \u043f\u043e \u043e\u0433\u043d\u0435- \u0438 \u0432\u043b\u0430\u0433\u043e\u0441\u0442\u043e\u0439\u043a\u043e\u0441\u0442\u0438; \u0430\u0440\u043c\u0438\u0440\u043e\u0432\u0430\u043d\u0438\u0435 \u043b\u0435\u043d\u0442\u043e\u0439 \u0438 \u0448\u043f\u0430\u043a\u043b\u0451\u0432\u043a\u0430 \u0434\u043e \u0443\u0440\u043e\u0432\u043d\u044f Q3\u2013Q4, \u043e\u0442\u0432\u0435\u0440\u0441\u0442\u0438\u044f \u043f\u043e\u0434 \u0441\u0432\u0435\u0442\u0438\u043b\u044c\u043d\u0438\u043a\u0438\/\u0432\u0435\u043d\u0442\u0438\u043b\u044f\u0446\u0438\u044e \u0438 \u0440\u0435\u0432\u0438\u0437\u0438\u043e\u043d\u043d\u044b\u0435 \u043b\u044e\u043a\u0438.<\/span>\n\t\t\t\t\t\t\t\t\t<\/li>\n\t\t\t\t\t\t\t\t<li class=\"elementor-icon-list-item\">\n\t\t\t\t\t\t\t\t\t\t\t<span class=\"elementor-icon-list-icon\">\n\t\t\t\t\t\t\t<svg aria-hidden=\"true\" class=\"e-font-icon-svg e-fas-check-circle\" viewbox=\"0 0 512 512\" xmlns=\"http:\/\/www.w3.org\/2000\/svg\"><path d=\"M504 256c0 136.967-111.033 248-248 248S8 392.967 8 256 119.033 8 256 8s248 111.033 248 248zM227.314 387.314l184-184c6.248-6.248 6.248-16.379 0-22.627l-22.627-22.627c-6.248-6.249-16.379-6.249-22.628 0L216 308.118l-70.059-70.059c-6.248-6.248-16.379-6.248-22.628 0l-22.627 22.627c-6.248 6.248-6.248 16.379 0 22.627l104 104c6.249 6.249 16.379 6.249 22.628.001z\"><\/path><\/svg>\t\t\t\t\t\t<\/span>\n\t\t\t\t\t\t\t\t\t\t<span class=\"elementor-icon-list-text\">\u041c\u043e\u0434\u0443\u043b\u044c\u043d\u044b\u0435 \u043f\u043e\u0434\u0432\u0435\u0441\u043d\u044b\u0435 \u043f\u043e\u0442\u043e\u043b\u043a\u0438: \u0441\u0435\u0442\u043a\u0438 \u043d\u0435\u0441\u0443\u0449\u0438\u0445 \u043f\u0440\u043e\u0444\u0438\u043b\u0435\u0439 (600\u00d7600 \/ 600\u00d71200), \u0447\u0438\u0441\u0442\u044b\u0435 \u043f\u043e\u0434\u0440\u0435\u0437\u043a\u0438 \u043f\u043b\u0438\u0442 \u0438 \u0440\u043e\u0432\u043d\u044b\u0435 \u043b\u0438\u043d\u0438\u0438; \u0438\u043d\u0442\u0435\u0433\u0440\u0430\u0446\u0438\u044f LED-\u043f\u0430\u043d\u0435\u043b\u0435\u0439 \u0438 \u0432\u0435\u043d\u0442\u0438\u043b\u044f\u0446\u0438\u043e\u043d\u043d\u044b\u0445 \u043e\u0442\u0432\u0435\u0440\u0441\u0442\u0438\u0439; \u043f\u043e\u0442\u043e\u043b\u043e\u043a \u043e\u0441\u0442\u0430\u0451\u0442\u0441\u044f \u043e\u0431\u0441\u043b\u0443\u0436\u0438\u0432\u0430\u0435\u043c\u044b\u043c.<\/span>\n\t\t\t\t\t\t\t\t\t<\/li>\n\t\t\t\t\t\t\t\t<li class=\"elementor-icon-list-item\">\n\t\t\t\t\t\t\t\t\t\t\t<span class=\"elementor-icon-list-icon\">\n\t\t\t\t\t\t\t<svg aria-hidden=\"true\" class=\"e-font-icon-svg e-fas-check-circle\" viewbox=\"0 0 512 512\" xmlns=\"http:\/\/www.w3.org\/2000\/svg\"><path d=\"M504 256c0 136.967-111.033 248-248 248S8 392.967 8 256 119.033 8 256 8s248 111.033 248 248zM227.314 387.314l184-184c6.248-6.248 6.248-16.379 0-22.627l-22.627-22.627c-6.248-6.249-16.379-6.249-22.628 0L216 308.118l-70.059-70.059c-6.248-6.248-16.379-6.248-22.628 0l-22.627 22.627c-6.248 6.248-6.248 16.379 0 22.627l104 104c6.249 6.249 16.379 6.249 22.628.001z\"><\/path><\/svg>\t\t\t\t\t\t<\/span>\n\t\t\t\t\t\t\t\t\t\t<span class=\"elementor-icon-list-text\">\u041f\u043b\u0438\u0442\u043e\u0447\u043d\u044b\u0435 \u0440\u0430\u0431\u043e\u0442\u044b: \u043f\u043e\u0434\u0433\u043e\u0442\u043e\u0432\u043a\u0430 \u043e\u0441\u043d\u043e\u0432\u0430\u043d\u0438\u044f \u0438 \u0443\u0441\u0442\u0440\u043e\u0439\u0441\u0442\u0432\u043e \u0443\u043a\u043b\u043e\u043d\u043e\u0432, \u0433\u0438\u0434\u0440\u043e\u0438\u0437\u043e\u043b\u044f\u0446\u0438\u044f \u0432\u043e \u0432\u043b\u0430\u0436\u043d\u044b\u0445 \u043f\u043e\u043c\u0435\u0449\u0435\u043d\u0438\u044f\u0445 \u043f\u043e ETAG 022, \u043a\u0440\u0443\u043f\u043d\u043e\u0444\u043e\u0440\u043c\u0430\u0442\/\u043c\u043e\u0437\u0430\u0438\u043a\u0430, \u0437\u0430\u0442\u0438\u0440\u043a\u0430 \u0438 \u0441\u0438\u043b\u0438\u043a\u043e\u043d.<\/span>\n\t\t\t\t\t\t\t\t\t<\/li>\n\t\t\t\t\t\t<\/ul>\n\t\t\t\t\t\t<\/div>\n\t\t\t\t<\/div>\n\t\t\t\t<div class=\"elementor-element elementor-element-0c0b238 elementor-widget elementor-widget-text-editor\" data-id=\"0c0b238\" data-element_type=\"widget\" data-e-type=\"widget\" data-widget_type=\"text-editor.default\">\n\t\t\t\t<div class=\"elementor-widget-container\">\n\t\t\t\t\t\t\t\t\t<p data-start=\"126\" data-end=\"314\"><strong data-start=\"1532\" data-end=\"1544\">\u0420\u0435\u0437\u0443\u043b\u044c\u0442\u0430\u0442:<\/strong> \u0440\u043e\u0432\u043d\u044b\u0435 \u0438 \u0430\u043a\u043a\u0443\u0440\u0430\u0442\u043d\u044b\u0435 \u043b\u0438\u043d\u0438\u0438, \u0432\u043e\u0434\u043e\u043d\u0435\u043f\u0440\u043e\u043d\u0438\u0446\u0430\u0435\u043c\u044b\u0435 \u0432\u043b\u0430\u0436\u043d\u044b\u0435 \u043f\u043e\u043c\u0435\u0449\u0435\u043d\u0438\u044f, \u0447\u0438\u0441\u0442\u0430\u044f \u0441\u0434\u0430\u0447\u0430 \u043e\u0431\u044a\u0435\u043a\u0442\u0430 \u0438 \u0433\u0430\u0440\u0430\u043d\u0442\u0438\u044f \u043d\u0430 \u0432\u044b\u043f\u043e\u043b\u043d\u0435\u043d\u043d\u044b\u0435 \u0440\u0430\u0431\u043e\u0442\u044b; \u044d\u0442\u0430\u043f\u044b \u0441\u043e\u0433\u043b\u0430\u0441\u043e\u0432\u0430\u043d\u044b \u0441 \u0433\u0435\u043d\u043f\u043e\u0434\u0440\u044f\u0434\u0447\u0438\u043a\u043e\u043c \u0432 \u0441\u043e\u043e\u0442\u0432\u0435\u0442\u0441\u0442\u0432\u0438\u0438 \u0441 \u043e\u0431\u0449\u0438\u043c \u0433\u0440\u0430\u0444\u0438\u043a\u043e\u043c.<\/p>\t\t\t\t\t\t\t\t<\/div>\n\t\t\t\t<\/div>\n\t\t\t\t<div class=\"elementor-element elementor-element-49f0cb2 wpr-button-icon-style-inline wpr-button-icon-position-right elementor-widget elementor-widget-wpr-button\" data-id=\"49f0cb2\" data-element_type=\"widget\" data-e-type=\"widget\" data-widget_type=\"wpr-button.default\">\n\t\t\t\t<div class=\"elementor-widget-container\">\n\t\t\t\t\t\t\n\t\t\t\n\t\t\n\t\t<div class=\"wpr-button-wrap elementor-clearfix\">\n\t\t<a class=\"wpr-button wpr-button-effect wpr-button-none\" data-text=\"\" href=\"\/ru\/kontakt\/\">\n\t\t\t\n\t\t\t<span class=\"wpr-button-content\">\n\t\t\t\t\t\t\t\t\t<span class=\"wpr-button-text\">K\u00fcsi pakkumist<\/span>\n\t\t\t\t\t\t\t\t\n\t\t\t\t\t\t\t\t\t<span class=\"wpr-button-icon\"><svg class=\"e-font-icon-svg e-fas-chevron-right\" viewbox=\"0 0 320 512\" xmlns=\"http:\/\/www.w3.org\/2000\/svg\"><path d=\"M285.476 272.971L91.132 467.314c-9.373 9.373-24.569 9.373-33.941 0l-22.667-22.667c-9.357-9.357-9.375-24.522-.04-33.901L188.505 256 34.484 101.255c-9.335-9.379-9.317-24.544.04-33.901l22.667-22.667c9.373-9.373 24.569-9.373 33.941 0L285.475 239.03c9.373 9.372 9.373 24.568.001 33.941z\"><\/path><\/svg><\/span>\n\t\t\t\t\t\t\t<\/span>\n\t\t<\/a>\n\n\t\t\t\t<\/div>\n\t\n\t\n\t\t\t\t\t<\/div>\n\t\t\t\t<\/div>\n\t\t\t\t\t<\/div>\n\t\t\t\t<\/div>\n\t\t\t\t<\/div>\n\t\t\t\t\t<\/div>\n\t\t\t\t<\/div>\n\t\t\t\t<\/div>","protected":false},"excerpt":{"rendered":"<p>Avalon Plaza Avaleht &gt; Referentsid Aasta: 2025\u2003\u2022\u2003Tellija: Bildgren Ehitus\u2003\u2022\u2003Teostaja: Apollonex Ehitus O\u00dcAadress: Tartu mnt 44 \u2013 Avalon Plaza\u00a0 Tartu mnt 44 kerkib manhattani stiilis uus \u00e4ri- ja kortermaja Tallinna tuiksoonele. Arendaja on Avalon; ehitusleping Bildgren Ehitusega s\u00f5lmiti 2024. aasta mais (~14,5 mln \u20ac). Ehitusega alustati 2024 II kvartalis, valmimine on planeeritud 2025. aasta l\u00f5puks. Hoonesse tulevad elamis- ja \u00e4ripinnad; projekt kannab nime Avalon Plaza. Kipsplaatt\u00f6\u00f6d: vaheseinad ja ripplaed vastavalt tule- ja niiskusn\u00f5uetele; teipimine\u2013pahteldus kuni Q3\u2013Q4, avad valgustitele\/ventilatsioonile ja inspekteerimisluugid. Moodulripplaed: kandurite v\u00f5rgud (600\u00d7600 \/ 600\u00d71200), plaatide puhtad l\u00f5iked ja sirged liinid; LED-paneelide ja ventilatsiooniavade integreerimine; lagi j\u00e4etakse hooldatav. Plaatimist\u00f6\u00f6d: aluspinna ettevalmistus ja kallete teostus, m\u00e4rgruumide ETAG 022 h\u00fcdroisolatsioon, suurformaat\/mosaiik, vuugid ja silikoon. Tulemus: sirged ja \u00fchtlased jooned, veetihedad m\u00e4rgruumid, puhas \u00fcleandmine ning teostusgarantii; t\u00f6\u00f6 etapid koosk\u00f5lastatud peat\u00f6\u00f6v\u00f5tjaga vastavalt \u00fcldgraafikule. K\u00fcsi pakkumist<\/p>","protected":false},"author":1,"featured_media":1692,"parent":1209,"menu_order":0,"comment_status":"closed","ping_status":"closed","template":"elementor_canvas","meta":{"footnotes":""},"aasta":[36],"objekti_tuup":[43],"class_list":["post-1849","page","type-page","status-publish","has-post-thumbnail","hentry","aasta-2025a","objekti_tuup-ari-ja-kortermaja"],"_links":{"self":[{"href":"https:\/\/apollonex.ee\/ru\/wp-json\/wp\/v2\/pages\/1849","targetHints":{"allow":["GET"]}}],"collection":[{"href":"https:\/\/apollonex.ee\/ru\/wp-json\/wp\/v2\/pages"}],"about":[{"href":"https:\/\/apollonex.ee\/ru\/wp-json\/wp\/v2\/types\/page"}],"author":[{"embeddable":true,"href":"https:\/\/apollonex.ee\/ru\/wp-json\/wp\/v2\/users\/1"}],"replies":[{"embeddable":true,"href":"https:\/\/apollonex.ee\/ru\/wp-json\/wp\/v2\/comments?post=1849"}],"version-history":[{"count":7,"href":"https:\/\/apollonex.ee\/ru\/wp-json\/wp\/v2\/pages\/1849\/revisions"}],"predecessor-version":[{"id":1941,"href":"https:\/\/apollonex.ee\/ru\/wp-json\/wp\/v2\/pages\/1849\/revisions\/1941"}],"up":[{"embeddable":true,"href":"https:\/\/apollonex.ee\/ru\/wp-json\/wp\/v2\/pages\/1209"}],"wp:featuredmedia":[{"embeddable":true,"href":"https:\/\/apollonex.ee\/ru\/wp-json\/wp\/v2\/media\/1692"}],"wp:attachment":[{"href":"https:\/\/apollonex.ee\/ru\/wp-json\/wp\/v2\/media?parent=1849"}],"wp:term":[{"taxonomy":"aasta","embeddable":true,"href":"https:\/\/apollonex.ee\/ru\/wp-json\/wp\/v2\/aasta?post=1849"},{"taxonomy":"objekti_tuup","embeddable":true,"href":"https:\/\/apollonex.ee\/ru\/wp-json\/wp\/v2\/objekti_tuup?post=1849"}],"curies":[{"name":"wp","href":"https:\/\/api.w.org\/{rel}","templated":true}]}}