{"id":1885,"date":"2025-08-28T14:32:58","date_gmt":"2025-08-28T11:32:58","guid":{"rendered":"https:\/\/apollonex.ee\/?page_id=1885"},"modified":"2025-08-29T15:50:59","modified_gmt":"2025-08-29T12:50:59","slug":"roosikrantsi-2","status":"publish","type":"page","link":"https:\/\/apollonex.ee\/ru\/referentsid\/roosikrantsi-2\/","title":{"rendered":"Roosikrantsi 2"},"content":{"rendered":"<div data-elementor-type=\"wp-page\" data-elementor-id=\"1885\" class=\"elementor elementor-1885\">\n\t\t\t\t<div class=\"elementor-element elementor-element-abf215d e-flex e-con-boxed wpr-particle-no wpr-jarallax-no wpr-parallax-no wpr-sticky-section-no wpr-equal-height-no e-con e-parent\" data-id=\"abf215d\" data-element_type=\"container\" data-e-type=\"container\" data-settings=\"{&quot;background_background&quot;:&quot;classic&quot;}\">\n\t\t\t\t\t<div class=\"e-con-inner\">\n\t\t\t\t<div class=\"elementor-element elementor-element-4474ad1 elementor-widget elementor-widget-heading\" data-id=\"4474ad1\" data-element_type=\"widget\" data-e-type=\"widget\" data-widget_type=\"heading.default\">\n\t\t\t\t<div class=\"elementor-widget-container\">\n\t\t\t\t\t<h2 class=\"elementor-heading-title elementor-size-default\">Roosikrantsi 2<\/h2>\t\t\t\t<\/div>\n\t\t\t\t<\/div>\n\t\t\t\t<div class=\"elementor-element elementor-element-2eb32b8 elementor-widget elementor-widget-heading\" data-id=\"2eb32b8\" data-element_type=\"widget\" data-e-type=\"widget\" data-widget_type=\"heading.default\">\n\t\t\t\t<div class=\"elementor-widget-container\">\n\t\t\t\t\t<h2 class=\"elementor-heading-title elementor-size-default\">\u0413\u043b\u0430\u0432\u043d\u0430\u044f &gt; \u0420\u0435\u0444\u0435\u0440\u0435\u043d\u0446\u0438\u0438<\/h2>\t\t\t\t<\/div>\n\t\t\t\t<\/div>\n\t\t\t\t\t<\/div>\n\t\t\t\t<\/div>\n\t\t<div class=\"elementor-element elementor-element-0006ff0 e-flex e-con-boxed wpr-particle-no wpr-jarallax-no wpr-parallax-no wpr-sticky-section-no wpr-equal-height-no elementor-invisible e-con e-parent\" data-id=\"0006ff0\" data-element_type=\"container\" data-e-type=\"container\" data-settings=\"{&quot;animation&quot;:&quot;zoomIn&quot;}\">\n\t\t\t\t\t<div class=\"e-con-inner\">\n\t\t<div class=\"elementor-element elementor-element-898e01c e-con-full e-flex wpr-particle-no wpr-jarallax-no wpr-parallax-no wpr-sticky-section-no wpr-equal-height-no e-con e-child\" data-id=\"898e01c\" data-element_type=\"container\" data-e-type=\"container\" data-settings=\"{&quot;background_background&quot;:&quot;classic&quot;}\">\n\t\t<div class=\"elementor-element elementor-element-02559f5 e-con-full e-flex wpr-particle-no wpr-jarallax-no wpr-parallax-no wpr-sticky-section-no wpr-equal-height-no e-con e-child\" data-id=\"02559f5\" data-element_type=\"container\" data-e-type=\"container\">\n\t\t\t\t<div class=\"elementor-element elementor-element-8676021 elementor-widget elementor-widget-image\" data-id=\"8676021\" data-element_type=\"widget\" data-e-type=\"widget\" data-widget_type=\"image.default\">\n\t\t\t\t<div class=\"elementor-widget-container\">\n\t\t\t\t\t\t\t\t\t\t\t\t\t\t\t<img fetchpriority=\"high\" decoding=\"async\" width=\"1024\" height=\"682\" src=\"https:\/\/apollonex.ee\/wp-content\/uploads\/2025\/08\/RE-Arihooned-droon_053-1024x682-1.webp\" class=\"attachment-full size-full wp-image-1889\" alt=\"\" srcset=\"https:\/\/apollonex.ee\/wp-content\/uploads\/2025\/08\/RE-Arihooned-droon_053-1024x682-1.webp 1024w, https:\/\/apollonex.ee\/wp-content\/uploads\/2025\/08\/RE-Arihooned-droon_053-1024x682-1-300x200.webp 300w, https:\/\/apollonex.ee\/wp-content\/uploads\/2025\/08\/RE-Arihooned-droon_053-1024x682-1-768x512.webp 768w\" sizes=\"(max-width: 1024px) 100vw, 1024px\" \/>\t\t\t\t\t\t\t\t\t\t\t\t\t\t\t<\/div>\n\t\t\t\t<\/div>\n\t\t\t\t<div class=\"elementor-element elementor-element-c688704 elementor-arrows-position-inside elementor-pagination-position-outside elementor-widget elementor-widget-image-carousel\" data-id=\"c688704\" data-element_type=\"widget\" data-e-type=\"widget\" data-settings=\"{&quot;navigation&quot;:&quot;both&quot;,&quot;autoplay&quot;:&quot;yes&quot;,&quot;pause_on_hover&quot;:&quot;yes&quot;,&quot;pause_on_interaction&quot;:&quot;yes&quot;,&quot;autoplay_speed&quot;:5000,&quot;infinite&quot;:&quot;yes&quot;,&quot;speed&quot;:500}\" data-widget_type=\"image-carousel.default\">\n\t\t\t\t<div class=\"elementor-widget-container\">\n\t\t\t\t\t\t\t<div class=\"elementor-image-carousel-wrapper swiper\" role=\"region\" aria-roledescription=\"carousel\" aria-label=\"\u041a\u0430\u0440\u0443\u0441\u0435\u043b\u044c\" dir=\"ltr\">\n\t\t\t<div class=\"elementor-image-carousel swiper-wrapper\" aria-live=\"off\">\n\t\t\t\t\t\t\t\t<div class=\"swiper-slide\" role=\"group\" aria-roledescription=\"slide\" aria-label=\"1 of 3\"><figure class=\"swiper-slide-inner\"><img decoding=\"async\" class=\"swiper-slide-image\" src=\"https:\/\/apollonex.ee\/wp-content\/uploads\/2025\/08\/IMG_0482-150x150.webp\" alt=\"IMG_0482\" \/><\/figure><\/div><div class=\"swiper-slide\" role=\"group\" aria-roledescription=\"slide\" aria-label=\"2 of 3\"><figure class=\"swiper-slide-inner\"><img decoding=\"async\" class=\"swiper-slide-image\" src=\"https:\/\/apollonex.ee\/wp-content\/uploads\/2025\/08\/IMG_0483-150x150.webp\" alt=\"IMG_0483\" \/><\/figure><\/div><div class=\"swiper-slide\" role=\"group\" aria-roledescription=\"slide\" aria-label=\"3 of 3\"><figure class=\"swiper-slide-inner\"><img decoding=\"async\" class=\"swiper-slide-image\" src=\"https:\/\/apollonex.ee\/wp-content\/uploads\/2025\/08\/RE-Arihooned-droon_054-1024x682-1-150x150.webp\" alt=\"RE-Arihooned-droon_054-1024x682\" \/><\/figure><\/div>\t\t\t<\/div>\n\t\t\t\t\t\t\t\t\t\t\t\t<div class=\"elementor-swiper-button elementor-swiper-button-prev\" role=\"button\" tabindex=\"0\">\n\t\t\t\t\t\t<svg aria-hidden=\"true\" class=\"e-font-icon-svg e-eicon-chevron-left\" viewbox=\"0 0 1000 1000\" xmlns=\"http:\/\/www.w3.org\/2000\/svg\"><path d=\"M646 125C629 125 613 133 604 142L308 442C296 454 292 471 292 487 292 504 296 521 308 533L604 854C617 867 629 875 646 875 663 875 679 871 692 858 704 846 713 829 713 812 713 796 708 779 692 767L438 487 692 225C700 217 708 204 708 187 708 171 704 154 692 142 675 129 663 125 646 125Z\"><\/path><\/svg>\t\t\t\t\t<\/div>\n\t\t\t\t\t<div class=\"elementor-swiper-button elementor-swiper-button-next\" role=\"button\" tabindex=\"0\">\n\t\t\t\t\t\t<svg aria-hidden=\"true\" class=\"e-font-icon-svg e-eicon-chevron-right\" viewbox=\"0 0 1000 1000\" xmlns=\"http:\/\/www.w3.org\/2000\/svg\"><path d=\"M696 533C708 521 713 504 713 487 713 471 708 454 696 446L400 146C388 133 375 125 354 125 338 125 325 129 313 142 300 154 292 171 292 187 292 204 296 221 308 233L563 492 304 771C292 783 288 800 288 817 288 833 296 850 308 863 321 871 338 875 354 875 371 875 388 867 400 854L696 533Z\"><\/path><\/svg>\t\t\t\t\t<\/div>\n\t\t\t\t\n\t\t\t\t\t\t\t\t\t<div class=\"swiper-pagination\"><\/div>\n\t\t\t\t\t\t\t\t\t<\/div>\n\t\t\t\t\t\t<\/div>\n\t\t\t\t<\/div>\n\t\t\t\t<\/div>\n\t\t<div class=\"elementor-element elementor-element-6bf6660 e-flex e-con-boxed wpr-particle-no wpr-jarallax-no wpr-parallax-no wpr-sticky-section-no wpr-equal-height-no e-con e-child\" data-id=\"6bf6660\" data-element_type=\"container\" data-e-type=\"container\">\n\t\t\t\t\t<div class=\"e-con-inner\">\n\t\t\t\t<div class=\"elementor-element elementor-element-853f424 elementor-widget elementor-widget-text-editor\" data-id=\"853f424\" data-element_type=\"widget\" data-e-type=\"widget\" data-widget_type=\"text-editor.default\">\n\t\t\t\t<div class=\"elementor-widget-container\">\n\t\t\t\t\t\t\t\t\t<p data-start=\"0\" data-end=\"168\"><strong data-start=\"0\" data-end=\"10\">\u0413\u043e\u0434 \u043f\u0440\u043e\u0435\u043a\u0442\u0430:<\/strong> <strong data-start=\"11\" data-end=\"24\">2024\u20132025<\/strong>\u2003\u2022\u2003<strong data-start=\"27\" data-end=\"39\">\u0417\u0430\u043a\u0430\u0437\u0447\u0438\u043a:<\/strong> <strong data-start=\"40\" data-end=\"55\">Ehitustrust<\/strong>\u2003\u2022\u2003<strong data-start=\"58\" data-end=\"71\">\u0418\u0441\u043f\u043e\u043b\u043d\u0438\u0442\u0435\u043b\u044c:<\/strong> Apollonex Ehitus O\u00dc<br data-start=\"91\" data-end=\"94\" \/><strong data-start=\"94\" data-end=\"106\">\u0410\u0434\u0440\u0435\u0441:<\/strong> <strong data-start=\"107\" data-end=\"136\" data-is-only-node=\"\">Roosikrantsi 2\/2, Tallinn<\/strong><\/p><p data-start=\"170\" data-end=\"454\">\u041d\u0430 \u0440\u0435\u043a\u043e\u043d\u0441\u0442\u0440\u0443\u0438\u0440\u0443\u0435\u043c\u043e\u0439\/\u043e\u0431\u043d\u043e\u0432\u043b\u044f\u0435\u043c\u043e\u0439 \u043f\u043b\u043e\u0449\u0430\u0434\u0438 \u043c\u044b \u0432\u044b\u043f\u043e\u043b\u043d\u0438\u043b\u0438 \u043a\u043e\u043c\u043f\u043b\u0435\u043a\u0441 \u0432\u043d\u0443\u0442\u0440\u0435\u043d\u043d\u0435\u0439 \u043e\u0442\u0434\u0435\u043b\u043a\u0438: \u0433\u0438\u043f\u0441\u043e\u043a\u0430\u0440\u0442\u043e\u043d\u043d\u044b\u0435 \u0440\u0430\u0431\u043e\u0442\u044b, \u043c\u043e\u043d\u0442\u0430\u0436 \u043c\u043e\u0434\u0443\u043b\u044c\u043d\u044b\u0445 \u043f\u043e\u0434\u0432\u0435\u0441\u043d\u044b\u0445 \u043f\u043e\u0442\u043e\u043b\u043a\u043e\u0432 \u0438 \u043f\u043b\u0438\u0442\u043e\u0447\u043d\u044b\u0435 \u0440\u0430\u0431\u043e\u0442\u044b. \u041a\u043e\u043e\u0440\u0434\u0438\u043d\u0438\u0440\u043e\u0432\u0430\u043b\u0438 \u0440\u0430\u0431\u043e\u0442\u044b \u0441\u043e \u0441\u043c\u0435\u0436\u043d\u044b\u043c\u0438 \u0441\u043f\u0435\u0446\u0438\u0430\u043b\u0438\u0441\u0442\u0430\u043c\u0438, \u043e\u0431\u0435\u0441\u043f\u0435\u0447\u0438\u043b\u0438 \u0432\u044b\u043f\u043e\u043b\u043d\u0435\u043d\u0438\u0435 \u0442\u0440\u0435\u0431\u043e\u0432\u0430\u043d\u0438\u0439 \u043f\u043e \u043e\u0433\u043d\u0435- \u0438 \u0432\u043b\u0430\u0433\u043e\u0441\u0442\u043e\u0439\u043a\u043e\u0441\u0442\u0438 \u0438 \u043f\u0435\u0440\u0435\u0434\u0430\u043b\u0438 \u043f\u043e\u043c\u0435\u0449\u0435\u043d\u0438\u044f \u0447\u0438\u0441\u0442\u044b\u043c\u0438 \u0438 \u0432 \u0441\u043e\u0433\u043b\u0430\u0441\u043e\u0432\u0430\u043d\u043d\u044b\u0435 \u0441\u0440\u043e\u043a\u0438.<\/p>\t\t\t\t\t\t\t\t<\/div>\n\t\t\t\t<\/div>\n\t\t\t\t<div class=\"elementor-element elementor-element-1b42f61 elementor-widget-divider--view-line elementor-widget elementor-widget-divider\" data-id=\"1b42f61\" data-element_type=\"widget\" data-e-type=\"widget\" data-widget_type=\"divider.default\">\n\t\t\t\t<div class=\"elementor-widget-container\">\n\t\t\t\t\t\t\t<div class=\"elementor-divider\">\n\t\t\t<span class=\"elementor-divider-separator\">\n\t\t\t\t\t\t<\/span>\n\t\t<\/div>\n\t\t\t\t\t\t<\/div>\n\t\t\t\t<\/div>\n\t\t\t\t<div class=\"elementor-element elementor-element-d280bc9 elementor-icon-list--layout-traditional elementor-list-item-link-full_width elementor-widget elementor-widget-icon-list\" data-id=\"d280bc9\" data-element_type=\"widget\" data-e-type=\"widget\" data-widget_type=\"icon-list.default\">\n\t\t\t\t<div class=\"elementor-widget-container\">\n\t\t\t\t\t\t\t<ul class=\"elementor-icon-list-items\">\n\t\t\t\t\t\t\t<li class=\"elementor-icon-list-item\">\n\t\t\t\t\t\t\t\t\t\t\t<span class=\"elementor-icon-list-icon\">\n\t\t\t\t\t\t\t<svg aria-hidden=\"true\" class=\"e-font-icon-svg e-fas-check-circle\" viewbox=\"0 0 512 512\" xmlns=\"http:\/\/www.w3.org\/2000\/svg\"><path d=\"M504 256c0 136.967-111.033 248-248 248S8 392.967 8 256 119.033 8 256 8s248 111.033 248 248zM227.314 387.314l184-184c6.248-6.248 6.248-16.379 0-22.627l-22.627-22.627c-6.248-6.249-16.379-6.249-22.628 0L216 308.118l-70.059-70.059c-6.248-6.248-16.379-6.248-22.628 0l-22.627 22.627c-6.248 6.248-6.248 16.379 0 22.627l104 104c6.249 6.249 16.379 6.249 22.628.001z\"><\/path><\/svg>\t\t\t\t\t\t<\/span>\n\t\t\t\t\t\t\t\t\t\t<span class=\"elementor-icon-list-text\">\u0413\u0438\u043f\u0441\u043e\u043a\u0430\u0440\u0442\u043e\u043d\u043d\u044b\u0435 \u0440\u0430\u0431\u043e\u0442\u044b: \u043f\u0435\u0440\u0435\u0433\u043e\u0440\u043e\u0434\u043a\u0438 \u0438 \u043f\u043e\u0434\u0432\u0435\u0441\u043d\u044b\u0435 \u043f\u043e\u0442\u043e\u043b\u043a\u0438 \u0432 \u0441\u043e\u043e\u0442\u0432\u0435\u0442\u0441\u0442\u0432\u0438\u0438 \u0441 \u0442\u0440\u0435\u0431\u043e\u0432\u0430\u043d\u0438\u044f\u043c\u0438 \u043f\u043e \u043e\u0433\u043d\u0435-\/\u0432\u043b\u0430\u0433\u043e\u0441\u0442\u043e\u0439\u043a\u043e\u0441\u0442\u0438; \u043e\u0442\u0432\u0435\u0440\u0441\u0442\u0438\u044f \u043f\u043e\u0434 \u0441\u0432\u0435\u0442\u0438\u043b\u044c\u043d\u0438\u043a\u0438 \u0438 \u0432\u0435\u043d\u0442\u0438\u043b\u044f\u0446\u0438\u044e, \u0440\u0435\u0432\u0438\u0437\u0438\u043e\u043d\u043d\u044b\u0435 \u043b\u044e\u043a\u0438; \u0430\u0440\u043c\u0438\u0440\u043e\u0432\u0430\u043d\u0438\u0435 \u043b\u0435\u043d\u0442\u043e\u0439 \u0438 \u0448\u043f\u0430\u043a\u043b\u0451\u0432\u043a\u0430 \u0434\u043e \u0443\u0440\u043e\u0432\u043d\u044f Q3\u2013Q4.<\/span>\n\t\t\t\t\t\t\t\t\t<\/li>\n\t\t\t\t\t\t\t\t<li class=\"elementor-icon-list-item\">\n\t\t\t\t\t\t\t\t\t\t\t<span class=\"elementor-icon-list-icon\">\n\t\t\t\t\t\t\t<svg aria-hidden=\"true\" class=\"e-font-icon-svg e-fas-check-circle\" viewbox=\"0 0 512 512\" xmlns=\"http:\/\/www.w3.org\/2000\/svg\"><path d=\"M504 256c0 136.967-111.033 248-248 248S8 392.967 8 256 119.033 8 256 8s248 111.033 248 248zM227.314 387.314l184-184c6.248-6.248 6.248-16.379 0-22.627l-22.627-22.627c-6.248-6.249-16.379-6.249-22.628 0L216 308.118l-70.059-70.059c-6.248-6.248-16.379-6.248-22.628 0l-22.627 22.627c-6.248 6.248-6.248 16.379 0 22.627l104 104c6.249 6.249 16.379 6.249 22.628.001z\"><\/path><\/svg>\t\t\t\t\t\t<\/span>\n\t\t\t\t\t\t\t\t\t\t<span class=\"elementor-icon-list-text\">\u041c\u043e\u0434\u0443\u043b\u044c\u043d\u044b\u0435 \u043f\u043e\u0434\u0432\u0435\u0441\u043d\u044b\u0435 \u043f\u043e\u0442\u043e\u043b\u043a\u0438: \u0441\u0435\u0442\u043a\u0438 \u043d\u0435\u0441\u0443\u0449\u0438\u0445 \u043f\u0440\u043e\u0444\u0438\u043b\u0435\u0439 600\u00d7600 \/ 600\u00d71200, \u043f\u043b\u0438\u0442\u044b \u0432 \u0440\u043e\u0432\u043d\u044b\u0445 \u043b\u0438\u043d\u0438\u044f\u0445; \u0438\u043d\u0442\u0435\u0433\u0440\u0430\u0446\u0438\u044f LED-\u043f\u0430\u043d\u0435\u043b\u0435\u0439 \u0438 \u0432\u0435\u043d\u0442\u0438\u043b\u044f\u0446\u0438\u043e\u043d\u043d\u044b\u0445 \u043e\u0442\u0432\u0435\u0440\u0441\u0442\u0438\u0439; \u043f\u043e\u0442\u043e\u043b\u043e\u043a \u043e\u0441\u0442\u0430\u0451\u0442\u0441\u044f \u043e\u0431\u0441\u043b\u0443\u0436\u0438\u0432\u0430\u0435\u043c\u044b\u043c.<\/span>\n\t\t\t\t\t\t\t\t\t<\/li>\n\t\t\t\t\t\t\t\t<li class=\"elementor-icon-list-item\">\n\t\t\t\t\t\t\t\t\t\t\t<span class=\"elementor-icon-list-icon\">\n\t\t\t\t\t\t\t<svg aria-hidden=\"true\" class=\"e-font-icon-svg e-fas-check-circle\" viewbox=\"0 0 512 512\" xmlns=\"http:\/\/www.w3.org\/2000\/svg\"><path d=\"M504 256c0 136.967-111.033 248-248 248S8 392.967 8 256 119.033 8 256 8s248 111.033 248 248zM227.314 387.314l184-184c6.248-6.248 6.248-16.379 0-22.627l-22.627-22.627c-6.248-6.249-16.379-6.249-22.628 0L216 308.118l-70.059-70.059c-6.248-6.248-16.379-6.248-22.628 0l-22.627 22.627c-6.248 6.248-6.248 16.379 0 22.627l104 104c6.249 6.249 16.379 6.249 22.628.001z\"><\/path><\/svg>\t\t\t\t\t\t<\/span>\n\t\t\t\t\t\t\t\t\t\t<span class=\"elementor-icon-list-text\">\u041f\u043b\u0438\u0442\u043e\u0447\u043d\u044b\u0435 \u0440\u0430\u0431\u043e\u0442\u044b: \u043f\u043e\u0434\u0433\u043e\u0442\u043e\u0432\u043a\u0430 \u043e\u0441\u043d\u043e\u0432\u0430\u043d\u0438\u044f \u0438 \u0443\u0441\u0442\u0440\u043e\u0439\u0441\u0442\u0432\u043e \u0443\u043a\u043b\u043e\u043d\u043e\u0432; \u0433\u0438\u0434\u0440\u043e\u0438\u0437\u043e\u043b\u044f\u0446\u0438\u044f \u0432\u043b\u0430\u0436\u043d\u044b\u0445 \u0437\u043e\u043d \u043f\u043e ETAG 022; \u043a\u0440\u0443\u043f\u043d\u043e\u0444\u043e\u0440\u043c\u0430\u0442\/\u043c\u043e\u0437\u0430\u0438\u043a\u0430, \u0437\u0430\u0442\u0438\u0440\u043a\u0430 \u0438 \u0441\u0430\u043d\u0438\u0442\u0430\u0440\u043d\u044b\u0439 \u0441\u0438\u043b\u0438\u043a\u043e\u043d.<\/span>\n\t\t\t\t\t\t\t\t\t<\/li>\n\t\t\t\t\t\t<\/ul>\n\t\t\t\t\t\t<\/div>\n\t\t\t\t<\/div>\n\t\t\t\t<div class=\"elementor-element elementor-element-0c0b238 elementor-widget elementor-widget-text-editor\" data-id=\"0c0b238\" data-element_type=\"widget\" data-e-type=\"widget\" data-widget_type=\"text-editor.default\">\n\t\t\t\t<div class=\"elementor-widget-container\">\n\t\t\t\t\t\t\t\t\t<p data-start=\"126\" data-end=\"314\"><strong data-start=\"969\" data-end=\"981\">\u0420\u0435\u0437\u0443\u043b\u044c\u0442\u0430\u0442:<\/strong> \u0440\u043e\u0432\u043d\u044b\u0435 \u0438 \u0435\u0434\u0438\u043d\u043e\u043e\u0431\u0440\u0430\u0437\u043d\u044b\u0435 \u043b\u0438\u043d\u0438\u0438, \u0432\u043e\u0434\u043e\u043d\u0435\u043f\u0440\u043e\u043d\u0438\u0446\u0430\u0435\u043c\u044b\u0435 \u0432\u043b\u0430\u0436\u043d\u044b\u0435 \u043f\u043e\u043c\u0435\u0449\u0435\u043d\u0438\u044f \u0438 \u043a\u043e\u0440\u0440\u0435\u043a\u0442\u043d\u0430\u044f \u0441\u0434\u0430\u0447\u0430 \u0441 \u0433\u0430\u0440\u0430\u043d\u0442\u0438\u0435\u0439 \u043d\u0430 \u0432\u044b\u043f\u043e\u043b\u043d\u0435\u043d\u043d\u044b\u0435 \u0440\u0430\u0431\u043e\u0442\u044b; \u044d\u0442\u0430\u043f\u044b \u0441\u043e\u0433\u043b\u0430\u0441\u043e\u0432\u0430\u043d\u044b \u0441 \u0433\u0435\u043d\u043f\u043e\u0434\u0440\u044f\u0434\u0447\u0438\u043a\u043e\u043c \u0441\u043e\u0433\u043b\u0430\u0441\u043d\u043e \u043e\u0431\u0449\u0435\u043c\u0443 \u0433\u0440\u0430\u0444\u0438\u043a\u0443.<\/p>\t\t\t\t\t\t\t\t<\/div>\n\t\t\t\t<\/div>\n\t\t\t\t<div class=\"elementor-element elementor-element-49f0cb2 wpr-button-icon-style-inline wpr-button-icon-position-right elementor-widget elementor-widget-wpr-button\" data-id=\"49f0cb2\" data-element_type=\"widget\" data-e-type=\"widget\" data-widget_type=\"wpr-button.default\">\n\t\t\t\t<div class=\"elementor-widget-container\">\n\t\t\t\t\t\t\n\t\t\t\n\t\t\n\t\t<div class=\"wpr-button-wrap elementor-clearfix\">\n\t\t<a class=\"wpr-button wpr-button-effect wpr-button-none\" data-text=\"\" href=\"\/ru\/kontakt\/\">\n\t\t\t\n\t\t\t<span class=\"wpr-button-content\">\n\t\t\t\t\t\t\t\t\t<span class=\"wpr-button-text\">K\u00fcsi pakkumist<\/span>\n\t\t\t\t\t\t\t\t\n\t\t\t\t\t\t\t\t\t<span class=\"wpr-button-icon\"><svg class=\"e-font-icon-svg e-fas-chevron-right\" viewbox=\"0 0 320 512\" xmlns=\"http:\/\/www.w3.org\/2000\/svg\"><path d=\"M285.476 272.971L91.132 467.314c-9.373 9.373-24.569 9.373-33.941 0l-22.667-22.667c-9.357-9.357-9.375-24.522-.04-33.901L188.505 256 34.484 101.255c-9.335-9.379-9.317-24.544.04-33.901l22.667-22.667c9.373-9.373 24.569-9.373 33.941 0L285.475 239.03c9.373 9.372 9.373 24.568.001 33.941z\"><\/path><\/svg><\/span>\n\t\t\t\t\t\t\t<\/span>\n\t\t<\/a>\n\n\t\t\t\t<\/div>\n\t\n\t\n\t\t\t\t\t<\/div>\n\t\t\t\t<\/div>\n\t\t\t\t\t<\/div>\n\t\t\t\t<\/div>\n\t\t\t\t<\/div>\n\t\t\t\t\t<\/div>\n\t\t\t\t<\/div>\n\t\t\t\t<\/div>","protected":false},"excerpt":{"rendered":"<p>Roosikrantsi 2 Avaleht &gt; Referentsid Aasta: 2024\u20132025\u2003\u2022\u2003Tellija: Ehitustrust\u2003\u2022\u2003Teostaja: Apollonex Ehitus O\u00dcAadress: Roosikrantsi 2\/2, Tallinn Rekonstrueeritaval\/uuendataval pinnal teostasime siseviimistluse terviklahenduse: kipsplaatt\u00f6\u00f6d, moodulripplagede paigalduse ja plaatimist\u00f6\u00f6d. Koordineerisime t\u00f6\u00f6d teiste erialadega, lahendasime tule- ja niiskusn\u00f5uded ning andsime ruumid \u00fcle puhtalt ja kokkulepitud ajaks. Kipsplaatt\u00f6\u00f6d: vaheseinad ja ripplaed vastavalt tule-\/niiskusn\u00f5uetele; avad valgustitele ja ventilatsioonile, inspekteerimisluugid; teipimine-pahteldus kuni Q3\u2013Q4. Moodulripplaed: kandurite v\u00f5rgud 600\u00d7600 \/ 600\u00d71200, plaadid sirgetel liinidel; LED-paneelide ja vent-avade integreerimine; lagi j\u00e4etakse hooldatavaks. Plaatimist\u00f6\u00f6d: aluspinna ettevalmistus ja kallete teostus; m\u00e4rgruumide ETAG 022 h\u00fcdroisolatsioon; suurformaat\/mosaiik, vuugid ja sanitaarsilikoon. Tulemus: sirged ja \u00fchtlased jooned, veetihedad m\u00e4rgruumid ning korrektne \u00fcleandmine koos teostusgarantiiga; t\u00f6\u00f6etapid koosk\u00f5lastati peat\u00f6\u00f6v\u00f5tjaga vastavalt \u00fcldgraafikule. K\u00fcsi pakkumist<\/p>","protected":false},"author":1,"featured_media":1889,"parent":1209,"menu_order":0,"comment_status":"closed","ping_status":"closed","template":"elementor_canvas","meta":{"footnotes":""},"aasta":[35,36],"objekti_tuup":[42],"class_list":["post-1885","page","type-page","status-publish","has-post-thumbnail","hentry","aasta-2024a","aasta-2025a","objekti_tuup-buroo-ja-teenindushoone"],"_links":{"self":[{"href":"https:\/\/apollonex.ee\/ru\/wp-json\/wp\/v2\/pages\/1885","targetHints":{"allow":["GET"]}}],"collection":[{"href":"https:\/\/apollonex.ee\/ru\/wp-json\/wp\/v2\/pages"}],"about":[{"href":"https:\/\/apollonex.ee\/ru\/wp-json\/wp\/v2\/types\/page"}],"author":[{"embeddable":true,"href":"https:\/\/apollonex.ee\/ru\/wp-json\/wp\/v2\/users\/1"}],"replies":[{"embeddable":true,"href":"https:\/\/apollonex.ee\/ru\/wp-json\/wp\/v2\/comments?post=1885"}],"version-history":[{"count":7,"href":"https:\/\/apollonex.ee\/ru\/wp-json\/wp\/v2\/pages\/1885\/revisions"}],"predecessor-version":[{"id":1971,"href":"https:\/\/apollonex.ee\/ru\/wp-json\/wp\/v2\/pages\/1885\/revisions\/1971"}],"up":[{"embeddable":true,"href":"https:\/\/apollonex.ee\/ru\/wp-json\/wp\/v2\/pages\/1209"}],"wp:featuredmedia":[{"embeddable":true,"href":"https:\/\/apollonex.ee\/ru\/wp-json\/wp\/v2\/media\/1889"}],"wp:attachment":[{"href":"https:\/\/apollonex.ee\/ru\/wp-json\/wp\/v2\/media?parent=1885"}],"wp:term":[{"taxonomy":"aasta","embeddable":true,"href":"https:\/\/apollonex.ee\/ru\/wp-json\/wp\/v2\/aasta?post=1885"},{"taxonomy":"objekti_tuup","embeddable":true,"href":"https:\/\/apollonex.ee\/ru\/wp-json\/wp\/v2\/objekti_tuup?post=1885"}],"curies":[{"name":"wp","href":"https:\/\/api.w.org\/{rel}","templated":true}]}}