{"id":2013,"date":"2026-03-18T16:36:58","date_gmt":"2026-03-18T13:36:58","guid":{"rendered":"https:\/\/apollonex.ee\/?page_id=2013"},"modified":"2026-03-18T16:43:48","modified_gmt":"2026-03-18T13:43:48","slug":"uuskula-loodusspaahotell","status":"publish","type":"page","link":"https:\/\/apollonex.ee\/ru\/referentsid\/uuskula-loodusspaahotell\/","title":{"rendered":"Uusk\u00fcla loodusspaahotell"},"content":{"rendered":"\t\t<div data-elementor-type=\"wp-page\" data-elementor-id=\"2013\" class=\"elementor elementor-2013\">\n\t\t\t\t<div class=\"elementor-element elementor-element-abf215d e-flex e-con-boxed wpr-particle-no wpr-jarallax-no wpr-parallax-no wpr-sticky-section-no wpr-equal-height-no e-con e-parent\" data-id=\"abf215d\" data-element_type=\"container\" data-e-type=\"container\" data-settings=\"{&quot;background_background&quot;:&quot;classic&quot;}\">\n\t\t\t\t\t<div class=\"e-con-inner\">\n\t\t\t\t<div class=\"elementor-element elementor-element-4474ad1 elementor-widget elementor-widget-heading\" data-id=\"4474ad1\" data-element_type=\"widget\" data-e-type=\"widget\" data-widget_type=\"heading.default\">\n\t\t\t\t<div class=\"elementor-widget-container\">\n\t\t\t\t\t<h2 class=\"elementor-heading-title elementor-size-default\">Uusk\u00fcla loodusspaahotell<\/h2>\t\t\t\t<\/div>\n\t\t\t\t<\/div>\n\t\t\t\t<div class=\"elementor-element elementor-element-2eb32b8 elementor-widget elementor-widget-heading\" data-id=\"2eb32b8\" data-element_type=\"widget\" data-e-type=\"widget\" data-widget_type=\"heading.default\">\n\t\t\t\t<div class=\"elementor-widget-container\">\n\t\t\t\t\t<h2 class=\"elementor-heading-title elementor-size-default\">Avaleht &gt; Referentsid<\/h2>\t\t\t\t<\/div>\n\t\t\t\t<\/div>\n\t\t\t\t\t<\/div>\n\t\t\t\t<\/div>\n\t\t<div class=\"elementor-element elementor-element-0006ff0 e-flex e-con-boxed wpr-particle-no wpr-jarallax-no wpr-parallax-no wpr-sticky-section-no wpr-equal-height-no elementor-invisible e-con e-parent\" data-id=\"0006ff0\" data-element_type=\"container\" data-e-type=\"container\" data-settings=\"{&quot;animation&quot;:&quot;zoomIn&quot;}\">\n\t\t\t\t\t<div class=\"e-con-inner\">\n\t\t<div class=\"elementor-element elementor-element-898e01c e-con-full e-flex wpr-particle-no wpr-jarallax-no wpr-parallax-no wpr-sticky-section-no wpr-equal-height-no e-con e-child\" data-id=\"898e01c\" data-element_type=\"container\" data-e-type=\"container\" data-settings=\"{&quot;background_background&quot;:&quot;classic&quot;}\">\n\t\t<div class=\"elementor-element elementor-element-02559f5 e-con-full e-flex wpr-particle-no wpr-jarallax-no wpr-parallax-no wpr-sticky-section-no wpr-equal-height-no e-con e-child\" data-id=\"02559f5\" data-element_type=\"container\" data-e-type=\"container\">\n\t\t\t\t<div class=\"elementor-element elementor-element-8676021 elementor-widget elementor-widget-image\" data-id=\"8676021\" data-element_type=\"widget\" data-e-type=\"widget\" data-widget_type=\"image.default\">\n\t\t\t\t<div class=\"elementor-widget-container\">\n\t\t\t\t\t\t\t\t\t\t\t\t\t\t\t<img fetchpriority=\"high\" decoding=\"async\" width=\"1198\" height=\"709\" src=\"https:\/\/apollonex.ee\/wp-content\/uploads\/2026\/03\/Screenshot-2026-03-18-153459.png\" class=\"attachment-full size-full wp-image-2015\" alt=\"\" srcset=\"https:\/\/apollonex.ee\/wp-content\/uploads\/2026\/03\/Screenshot-2026-03-18-153459.png 1198w, https:\/\/apollonex.ee\/wp-content\/uploads\/2026\/03\/Screenshot-2026-03-18-153459-300x178.png 300w, https:\/\/apollonex.ee\/wp-content\/uploads\/2026\/03\/Screenshot-2026-03-18-153459-1024x606.png 1024w, https:\/\/apollonex.ee\/wp-content\/uploads\/2026\/03\/Screenshot-2026-03-18-153459-768x455.png 768w, https:\/\/apollonex.ee\/wp-content\/uploads\/2026\/03\/Screenshot-2026-03-18-153459-18x12.png 18w\" sizes=\"(max-width: 1198px) 100vw, 1198px\" \/>\t\t\t\t\t\t\t\t\t\t\t\t\t\t\t<\/div>\n\t\t\t\t<\/div>\n\t\t\t\t<\/div>\n\t\t<div class=\"elementor-element elementor-element-6bf6660 e-flex e-con-boxed wpr-particle-no wpr-jarallax-no wpr-parallax-no wpr-sticky-section-no wpr-equal-height-no e-con e-child\" data-id=\"6bf6660\" data-element_type=\"container\" data-e-type=\"container\">\n\t\t\t\t\t<div class=\"e-con-inner\">\n\t\t\t\t<div class=\"elementor-element elementor-element-853f424 elementor-widget elementor-widget-text-editor\" data-id=\"853f424\" data-element_type=\"widget\" data-e-type=\"widget\" data-widget_type=\"text-editor.default\">\n\t\t\t\t<div class=\"elementor-widget-container\">\n\t\t\t\t\t\t\t\t\t<div class=\"flex flex-col text-sm pb-25\"><article class=\"text-token-text-primary w-full focus:outline-none [--shadow-height:45px] has-data-writing-block:pointer-events-none has-data-writing-block:-mt-(--shadow-height) has-data-writing-block:pt-(--shadow-height) [&amp;:has([data-writing-block])&gt;*]:pointer-events-auto scroll-mt-[calc(var(--header-height)+min(200px,max(70px,20svh)))]\" dir=\"auto\" tabindex=\"-1\" data-turn-id=\"request-WEB:6745481a-7048-4b53-b8d7-b5c6efca2dcd-35\" data-testid=\"conversation-turn-8\" data-scroll-anchor=\"true\" data-turn=\"assistant\"><div class=\"text-base my-auto mx-auto pb-10 [--thread-content-margin:var(--thread-content-margin-xs,calc(var(--spacing)*4))] @w-sm\/main:[--thread-content-margin:var(--thread-content-margin-sm,calc(var(--spacing)*6))] @w-lg\/main:[--thread-content-margin:var(--thread-content-margin-lg,calc(var(--spacing)*16))] px-(--thread-content-margin)\"><div class=\"[--thread-content-max-width:40rem] @w-lg\/main:[--thread-content-max-width:48rem] mx-auto max-w-(--thread-content-max-width) flex-1 group\/turn-messages focus-visible:outline-hidden relative flex w-full min-w-0 flex-col agent-turn\" tabindex=\"-1\"><div class=\"flex max-w-full flex-col gap-4 grow\"><div class=\"min-h-8 text-message relative flex w-full flex-col items-end gap-2 text-start break-words whitespace-normal [.text-message+&amp;]:mt-1\" dir=\"auto\" data-message-author-role=\"assistant\" data-message-id=\"f7cbecd4-1e3b-4698-8271-da4a088dfcbd\" data-message-model-slug=\"gpt-5-4-thinking\"><div class=\"flex w-full flex-col gap-1 empty:hidden\"><div class=\"markdown prose dark:prose-invert w-full wrap-break-word dark markdown-new-styling\"><p data-start=\"69\" data-end=\"185\"><strong data-start=\"69\" data-end=\"96\">Aasta: 2026 (meie t\u00f6\u00f6d)<\/strong>\u2003\u2022\u2003<strong data-start=\"99\" data-end=\"111\">Tellija:<\/strong> Embach\u2003\u2022\u2003<strong data-start=\"121\" data-end=\"133\">Asukoht:<\/strong> M\u00e4nniku tee 5, Uusk\u00fcla, Alutaguse vald, Ida-Virumaa<\/p><p data-start=\"187\" data-end=\"515\"><strong data-start=\"187\" data-end=\"215\">Uusk\u00fcla loodusspaahotell<\/strong> on kaasaegne spaa- ja hotellikompleks, mis on loodud pakkuma k\u00fclastajatele k\u00f5rgetasemelist majutus- ja l\u00f5\u00f5gastuskogemust loodusl\u00e4hedases keskkonnas. Tegemist on mitmek\u00fclgse arendusega, kus on \u00fchendatud t\u00e4nap\u00e4evane arhitektuur, funktsionaalsed tehnolahendused ning hubane ja kvaliteetne sisekeskkond.<\/p><p data-start=\"517\" data-end=\"768\">Objekti puhul on r\u00f5hk kasutusmugavusel, energiat\u00f5hususel ning hoone sujuval igap\u00e4evasel toimimisel. Spaa- ja hotellikompleks on kavandatud vastama kaasaegse majutusasutuse ootustele nii tehniliste lahenduste, t\u00f6\u00f6kindluse kui ka k\u00fclastajakogemuse osas.<\/p><\/div><\/div><\/div><\/div><\/div><\/div><\/article><\/div>\t\t\t\t\t\t\t\t<\/div>\n\t\t\t\t<\/div>\n\t\t\t\t<div class=\"elementor-element elementor-element-1b42f61 elementor-widget-divider--view-line elementor-widget elementor-widget-divider\" data-id=\"1b42f61\" data-element_type=\"widget\" data-e-type=\"widget\" data-widget_type=\"divider.default\">\n\t\t\t\t<div class=\"elementor-widget-container\">\n\t\t\t\t\t\t\t<div class=\"elementor-divider\">\n\t\t\t<span class=\"elementor-divider-separator\">\n\t\t\t\t\t\t<\/span>\n\t\t<\/div>\n\t\t\t\t\t\t<\/div>\n\t\t\t\t<\/div>\n\t\t\t\t<div class=\"elementor-element elementor-element-d280bc9 elementor-icon-list--layout-traditional elementor-list-item-link-full_width elementor-widget elementor-widget-icon-list\" data-id=\"d280bc9\" data-element_type=\"widget\" data-e-type=\"widget\" data-widget_type=\"icon-list.default\">\n\t\t\t\t<div class=\"elementor-widget-container\">\n\t\t\t\t\t\t\t<ul class=\"elementor-icon-list-items\">\n\t\t\t\t\t\t\t<li class=\"elementor-icon-list-item\">\n\t\t\t\t\t\t\t\t\t\t\t<span class=\"elementor-icon-list-icon\">\n\t\t\t\t\t\t\t<svg aria-hidden=\"true\" class=\"e-font-icon-svg e-fas-check-circle\" viewBox=\"0 0 512 512\" xmlns=\"http:\/\/www.w3.org\/2000\/svg\"><path d=\"M504 256c0 136.967-111.033 248-248 248S8 392.967 8 256 119.033 8 256 8s248 111.033 248 248zM227.314 387.314l184-184c6.248-6.248 6.248-16.379 0-22.627l-22.627-22.627c-6.248-6.249-16.379-6.249-22.628 0L216 308.118l-70.059-70.059c-6.248-6.248-16.379-6.248-22.628 0l-22.627 22.627c-6.248 6.248-6.248 16.379 0 22.627l104 104c6.249 6.249 16.379 6.249 22.628.001z\"><\/path><\/svg>\t\t\t\t\t\t<\/span>\n\t\t\t\t\t\t\t\t\t\t<span class=\"elementor-icon-list-text\">Kipsplaatt\u00f6\u00f6d: vaheseinad ja ripplaed vastavalt tule- ja niiskusn\u00f5uetele; teipimine\u2013pahteldus kuni Q3\u2013Q4, avad valgustitele\/ventilatsioonile ja inspekteerimisluugid.<\/span>\n\t\t\t\t\t\t\t\t\t<\/li>\n\t\t\t\t\t\t\t\t<li class=\"elementor-icon-list-item\">\n\t\t\t\t\t\t\t\t\t\t\t<span class=\"elementor-icon-list-icon\">\n\t\t\t\t\t\t\t<svg aria-hidden=\"true\" class=\"e-font-icon-svg e-fas-check-circle\" viewBox=\"0 0 512 512\" xmlns=\"http:\/\/www.w3.org\/2000\/svg\"><path d=\"M504 256c0 136.967-111.033 248-248 248S8 392.967 8 256 119.033 8 256 8s248 111.033 248 248zM227.314 387.314l184-184c6.248-6.248 6.248-16.379 0-22.627l-22.627-22.627c-6.248-6.249-16.379-6.249-22.628 0L216 308.118l-70.059-70.059c-6.248-6.248-16.379-6.248-22.628 0l-22.627 22.627c-6.248 6.248-6.248 16.379 0 22.627l104 104c6.249 6.249 16.379 6.249 22.628.001z\"><\/path><\/svg>\t\t\t\t\t\t<\/span>\n\t\t\t\t\t\t\t\t\t\t<span class=\"elementor-icon-list-text\">Moodulripplaed: kandurite v\u00f5rgud (600\u00d7600 \/ 600\u00d71200), plaatide puhtad l\u00f5iked ja sirged liinid; LED-paneelide ja ventilatsiooniavade integreerimine; lagi j\u00e4etakse hooldatav.<\/span>\n\t\t\t\t\t\t\t\t\t<\/li>\n\t\t\t\t\t\t\t\t<li class=\"elementor-icon-list-item\">\n\t\t\t\t\t\t\t\t\t\t\t<span class=\"elementor-icon-list-icon\">\n\t\t\t\t\t\t\t<svg aria-hidden=\"true\" class=\"e-font-icon-svg e-fas-check-circle\" viewBox=\"0 0 512 512\" xmlns=\"http:\/\/www.w3.org\/2000\/svg\"><path d=\"M504 256c0 136.967-111.033 248-248 248S8 392.967 8 256 119.033 8 256 8s248 111.033 248 248zM227.314 387.314l184-184c6.248-6.248 6.248-16.379 0-22.627l-22.627-22.627c-6.248-6.249-16.379-6.249-22.628 0L216 308.118l-70.059-70.059c-6.248-6.248-16.379-6.248-22.628 0l-22.627 22.627c-6.248 6.248-6.248 16.379 0 22.627l104 104c6.249 6.249 16.379 6.249 22.628.001z\"><\/path><\/svg>\t\t\t\t\t\t<\/span>\n\t\t\t\t\t\t\t\t\t\t<span class=\"elementor-icon-list-text\">Plaatimist\u00f6\u00f6d: aluspinna ettevalmistus ja kallete teostus, m\u00e4rgruumide ETAG 022 h\u00fcdroisolatsioon, suurformaat\/mosaiik, vuugid ja silikoon.<\/span>\n\t\t\t\t\t\t\t\t\t<\/li>\n\t\t\t\t\t\t<\/ul>\n\t\t\t\t\t\t<\/div>\n\t\t\t\t<\/div>\n\t\t\t\t<div class=\"elementor-element elementor-element-0c0b238 elementor-widget elementor-widget-text-editor\" data-id=\"0c0b238\" data-element_type=\"widget\" data-e-type=\"widget\" data-widget_type=\"text-editor.default\">\n\t\t\t\t<div class=\"elementor-widget-container\">\n\t\t\t\t\t\t\t\t\t<p data-start=\"126\" data-end=\"314\"><strong data-start=\"1532\" data-end=\"1544\">Tulemus:<\/strong> sirged ja \u00fchtlased jooned, veetihedad m\u00e4rgruumid, puhas \u00fcleandmine ning teostusgarantii; t\u00f6\u00f6 etapid koosk\u00f5lastatud peat\u00f6\u00f6v\u00f5tjaga vastavalt \u00fcldgraafikule.<\/p>\t\t\t\t\t\t\t\t<\/div>\n\t\t\t\t<\/div>\n\t\t\t\t<div class=\"elementor-element elementor-element-49f0cb2 wpr-button-icon-style-inline wpr-button-icon-position-right elementor-widget elementor-widget-wpr-button\" data-id=\"49f0cb2\" data-element_type=\"widget\" data-e-type=\"widget\" data-widget_type=\"wpr-button.default\">\n\t\t\t\t<div class=\"elementor-widget-container\">\n\t\t\t\t\t\t\n\t\t\t\n\t\t\n\t\t<div class=\"wpr-button-wrap elementor-clearfix\">\n\t\t<a class=\"wpr-button wpr-button-effect wpr-button-none\" data-text=\"\" href=\"\/kontakt\/\">\n\t\t\t\n\t\t\t<span class=\"wpr-button-content\">\n\t\t\t\t\t\t\t\t\t<span class=\"wpr-button-text\">K\u00fcsi pakkumist<\/span>\n\t\t\t\t\t\t\t\t\n\t\t\t\t\t\t\t\t\t<span class=\"wpr-button-icon\"><svg class=\"e-font-icon-svg e-fas-chevron-right\" viewBox=\"0 0 320 512\" xmlns=\"http:\/\/www.w3.org\/2000\/svg\"><path d=\"M285.476 272.971L91.132 467.314c-9.373 9.373-24.569 9.373-33.941 0l-22.667-22.667c-9.357-9.357-9.375-24.522-.04-33.901L188.505 256 34.484 101.255c-9.335-9.379-9.317-24.544.04-33.901l22.667-22.667c9.373-9.373 24.569-9.373 33.941 0L285.475 239.03c9.373 9.372 9.373 24.568.001 33.941z\"><\/path><\/svg><\/span>\n\t\t\t\t\t\t\t<\/span>\n\t\t<\/a>\n\n\t\t\t\t<\/div>\n\t\n\t\n\t\t\t\t\t<\/div>\n\t\t\t\t<\/div>\n\t\t\t\t\t<\/div>\n\t\t\t\t<\/div>\n\t\t\t\t<\/div>\n\t\t\t\t\t<\/div>\n\t\t\t\t<\/div>\n\t\t\t\t<\/div>\n\t\t","protected":false},"excerpt":{"rendered":"<p>Uusk\u00fcla loodusspaahotell Avaleht &gt; Referentsid Aasta: 2026 (meie t\u00f6\u00f6d)\u2003\u2022\u2003Tellija: Embach\u2003\u2022\u2003Asukoht: M\u00e4nniku tee 5, Uusk\u00fcla, Alutaguse vald, Ida-Virumaa Uusk\u00fcla loodusspaahotell on kaasaegne spaa- ja hotellikompleks, mis on loodud pakkuma k\u00fclastajatele k\u00f5rgetasemelist majutus- ja l\u00f5\u00f5gastuskogemust loodusl\u00e4hedases keskkonnas. Tegemist on mitmek\u00fclgse arendusega, kus on \u00fchendatud t\u00e4nap\u00e4evane arhitektuur, funktsionaalsed tehnolahendused ning hubane ja kvaliteetne sisekeskkond. Objekti puhul on r\u00f5hk kasutusmugavusel, energiat\u00f5hususel ning hoone sujuval igap\u00e4evasel toimimisel. Spaa- ja hotellikompleks on kavandatud vastama kaasaegse majutusasutuse ootustele nii tehniliste lahenduste, t\u00f6\u00f6kindluse kui ka k\u00fclastajakogemuse osas. Kipsplaatt\u00f6\u00f6d: vaheseinad ja ripplaed vastavalt tule- ja niiskusn\u00f5uetele; teipimine\u2013pahteldus kuni Q3\u2013Q4, avad valgustitele\/ventilatsioonile ja inspekteerimisluugid. Moodulripplaed: kandurite v\u00f5rgud (600\u00d7600 \/ 600\u00d71200), plaatide puhtad l\u00f5iked ja sirged liinid; LED-paneelide ja ventilatsiooniavade integreerimine; lagi j\u00e4etakse hooldatav. Plaatimist\u00f6\u00f6d: aluspinna ettevalmistus ja kallete teostus, m\u00e4rgruumide ETAG 022 h\u00fcdroisolatsioon, suurformaat\/mosaiik, vuugid ja silikoon. Tulemus: sirged ja \u00fchtlased jooned, veetihedad m\u00e4rgruumid, puhas \u00fcleandmine ning teostusgarantii; t\u00f6\u00f6 etapid koosk\u00f5lastatud peat\u00f6\u00f6v\u00f5tjaga vastavalt \u00fcldgraafikule. K\u00fcsi pakkumist<\/p>","protected":false},"author":1,"featured_media":2015,"parent":1209,"menu_order":0,"comment_status":"closed","ping_status":"closed","template":"elementor_canvas","meta":{"footnotes":""},"aasta":[46],"objekti_tuup":[52],"class_list":["post-2013","page","type-page","status-publish","has-post-thumbnail","hentry","aasta-2026a","objekti_tuup-spaahotellid"],"_links":{"self":[{"href":"https:\/\/apollonex.ee\/ru\/wp-json\/wp\/v2\/pages\/2013","targetHints":{"allow":["GET"]}}],"collection":[{"href":"https:\/\/apollonex.ee\/ru\/wp-json\/wp\/v2\/pages"}],"about":[{"href":"https:\/\/apollonex.ee\/ru\/wp-json\/wp\/v2\/types\/page"}],"author":[{"embeddable":true,"href":"https:\/\/apollonex.ee\/ru\/wp-json\/wp\/v2\/users\/1"}],"replies":[{"embeddable":true,"href":"https:\/\/apollonex.ee\/ru\/wp-json\/wp\/v2\/comments?post=2013"}],"version-history":[{"count":10,"href":"https:\/\/apollonex.ee\/ru\/wp-json\/wp\/v2\/pages\/2013\/revisions"}],"predecessor-version":[{"id":2025,"href":"https:\/\/apollonex.ee\/ru\/wp-json\/wp\/v2\/pages\/2013\/revisions\/2025"}],"up":[{"embeddable":true,"href":"https:\/\/apollonex.ee\/ru\/wp-json\/wp\/v2\/pages\/1209"}],"wp:featuredmedia":[{"embeddable":true,"href":"https:\/\/apollonex.ee\/ru\/wp-json\/wp\/v2\/media\/2015"}],"wp:attachment":[{"href":"https:\/\/apollonex.ee\/ru\/wp-json\/wp\/v2\/media?parent=2013"}],"wp:term":[{"taxonomy":"aasta","embeddable":true,"href":"https:\/\/apollonex.ee\/ru\/wp-json\/wp\/v2\/aasta?post=2013"},{"taxonomy":"objekti_tuup","embeddable":true,"href":"https:\/\/apollonex.ee\/ru\/wp-json\/wp\/v2\/objekti_tuup?post=2013"}],"curies":[{"name":"wp","href":"https:\/\/api.w.org\/{rel}","templated":true}]}}